{"id":699,"date":"2023-09-05T17:46:14","date_gmt":"2023-09-05T15:46:14","guid":{"rendered":"https:\/\/muzeumslaskwroclaw.pl\/cennik\/"},"modified":"2023-09-06T14:01:45","modified_gmt":"2023-09-06T12:01:45","slug":"prices","status":"publish","type":"page","link":"https:\/\/muzeumslaskwroclaw.pl\/en\/prices\/","title":{"rendered":"Prices"},"content":{"rendered":"\n<div class=\"wp-block-group alignfull container is-layout-constrained wp-block-group-is-layout-constrained\">\n<div class=\"wp-block-essential-blocks-row alignfull\"><div class=\"eb-parent-wrapper eb-parent-eb-row-j7u3sv2 \"><div class=\"eb-row-root-container eb-row-j7u3sv2\" data-id=\"eb-row-j7u3sv2\"><div class=\"eb-row-wrapper\"><div class=\"eb-row-inner\">\n<div class=\"eb-parent-wrapper eb-parent-eb-column-9mq4bod  wp-block-essential-blocks-column\"><div class=\"eb-column-wrapper eb-column-9mq4bod\"><div class=\"eb-column-inner\">\n<h2 class=\"wp-block-heading with-line\"><strong>MUSEUM + <mark style=\"background-color:rgba(0, 0, 0, 0);color:#b9a069\" class=\"has-inline-color\">STADIUM TOUR<\/mark><\/strong><\/h2>\n\n\n\n<figure class=\"wp-block-table cennik-table\"><table><tbody><tr><td>adult ticket<\/td><td class=\"has-text-align-right\" data-align=\"right\"><strong>35,00 Z\u0141<\/strong><\/td><\/tr><tr><td>children\/student ticket*<\/td><td class=\"has-text-align-right\" data-align=\"right\"><strong>25,00 Z\u0141<\/strong><\/td><\/tr><tr><td>family ticket** (2+2; 2+3)<\/td><td class=\"has-text-align-right\" data-align=\"right\"><strong>99,00 Z\u0141<\/strong><\/td><\/tr><tr><td>group ticket***<\/td><td class=\"has-text-align-right\" data-align=\"right\"><strong>20,00 Z\u0141<\/strong><\/td><\/tr><tr><td>adult ticket with Karta Du\u017cej Rodziny****<\/td><td class=\"has-text-align-right\" data-align=\"right\"><strong>30,00 Z\u0141<\/strong><\/td><\/tr><tr><td>children\/student tiket with Kart\u0105 Du\u017cej Rodziny****<\/td><td class=\"has-text-align-right\" data-align=\"right\"><strong>20,00 Z\u0141<\/strong><\/td><\/tr><tr><td>adult ticket with Karta Aglomeracyjna*****<\/td><td class=\"has-text-align-right\" data-align=\"right\"><strong>17,50 Z\u0141<\/strong><\/td><\/tr><tr><td>children\/student ticket with Karta Aglomeracyjna*****<\/td><td class=\"has-text-align-right\" data-align=\"right\"><strong>12,50 Z\u0141<\/strong><\/td><\/tr><tr><td>adult ticket with Karta Nasz Wroc\u0142aw (10% discount)******<\/td><td class=\"has-text-align-right\" data-align=\"right\"><strong>31,50 Z\u0141<\/strong><\/td><\/tr><tr><td>children\/student ticket with Karta Nasz Wroc\u0142aw &nbsp;(10% discount)*******<\/td><td class=\"has-text-align-right\" data-align=\"right\"><strong>22,50 Z\u0141<\/strong><\/td><\/tr><\/tbody><\/table><\/figure>\n<\/div><\/div><\/div>\n\n\n\n<div class=\"eb-parent-wrapper eb-parent-eb-column-fjfv9ze  wp-block-essential-blocks-column\"><div class=\"eb-column-wrapper eb-column-fjfv9ze\"><div class=\"eb-column-inner\">\n<h2 class=\"wp-block-heading with-line\"><strong>MUSEUM<\/strong><\/h2>\n\n\n\n<figure class=\"wp-block-table cennik-table\"><table><tbody><tr><td>adult ticket<\/td><td class=\"has-text-align-right\" data-align=\"right\"><strong>25,00 Z\u0141<\/strong><\/td><\/tr><tr><td>children\/student ticket*<\/td><td class=\"has-text-align-right\" data-align=\"right\"><strong>15,00 Z\u0141<\/strong><\/td><\/tr><tr><td>family ticket** (2+2; 2+3)<\/td><td class=\"has-text-align-right\" data-align=\"right\"><strong>70,00 Z\u0141<\/strong><\/td><\/tr><tr><td>group ticket***<\/td><td class=\"has-text-align-right\" data-align=\"right\"><strong>10,00 Z\u0141<\/strong><\/td><\/tr><tr><td>adult ticket with Karta Du\u017cej Rodziny****<\/td><td class=\"has-text-align-right\" data-align=\"right\"><strong>22,00 Z\u0141<\/strong><\/td><\/tr><tr><td>children\/student tiket with Kart\u0105 Du\u017cej Rodziny****<\/td><td class=\"has-text-align-right\" data-align=\"right\"><strong>12,00 Z\u0141<\/strong><\/td><\/tr><tr><td>adult ticket with Karta Aglomeracyjna*****<\/td><td class=\"has-text-align-right\" data-align=\"right\"><strong>12,50 Z\u0141<\/strong><\/td><\/tr><tr><td>children\/student ticket with Karta Aglomeracyjna*****<\/td><td class=\"has-text-align-right\" data-align=\"right\"><strong>7,50 Z\u0141<\/strong><\/td><\/tr><tr><td>adult ticket with Karta Nasz Wroc\u0142aw (10% discount)******<\/td><td class=\"has-text-align-right\" data-align=\"right\"><strong>22,50 Z\u0141<\/strong><\/td><\/tr><tr><td>children\/student ticket with Karta Nasz Wroc\u0142aw &nbsp;(10% discount)*******<\/td><td class=\"has-text-align-right\" data-align=\"right\"><strong>13,50 Z\u0141<\/strong><\/td><\/tr><\/tbody><\/table><\/figure>\n<\/div><\/div><\/div>\n<\/div><\/div><\/div><\/div><\/div>\n\n\n\n<div style=\"height:30px\" aria-hidden=\"true\" class=\"wp-block-spacer\"><\/div>\n\n\n\n<hr class=\"wp-block-separator has-alpha-channel-opacity is-style-wide\"\/>\n\n\n\n<p class=\"has-small-font-size\">*Children\/Student ticket \u2013 &nbsp;school children and youth up to 18 years of age, students up to 26 years of age, pensioners, people with disabilities, attendant of a person with disabilities during individual trips (upon presentation of the relevant document).<\/p>\n\n\n\n<p class=\"has-small-font-size\">**Family ticket \u2013 two adults and two\/three children or youth up to 18 years of age.<\/p>\n\n\n\n<p class=\"has-small-font-size\">***Group ticket \u2013 min. 15 fully paid people. The group, including attendants, cannot exceed 50 people.<\/p>\n\n\n\n<p class=\"has-small-font-size\">****Karta du\u017cej rodziny &#8211; holders of a Karta du\u017cej rodziny are entitled to a discount of PLN 3 on the regular price of a ticket for visiting the Museum, and a discount of PLN 5 on the regular price of a ticket for visiting the Museum + Stadium tour. Details of the program are available on the <a href=\"https:\/\/www.gov.pl\/web\/rodzina\/karta-duzej-rodziny-ogolne\" target=\"_blank\" rel=\"noreferrer noopener\">website of the Ministry of Family and Social Policy<\/a>.<\/p>\n\n\n\n<p class=\"has-small-font-size\">*****Karta Aglomeracyjna \u2013 participants of the Wroc\u0142aw Agglomeration program are entitled to a one-time discount of 50% on the regular ticket price. Details of the program are available on the website of the <a href=\"https:\/\/aglomeracja.wroclaw.pl\/\" target=\"_blank\" rel=\"noreferrer noopener\">Wroc\u0142aw Agglomeration<\/a>.<\/p>\n\n\n\n<p class=\"has-small-font-size\">******Nasz Wroc\u0142aw regular ticket &#8211; participants of the Nasz Wroc\u0142aw program are entitled to a one-time discount of 10% on the regular price of a normal ticket. <a href=\"https:\/\/www.wroclaw.pl\/nasz-wroclaw\/\" target=\"_blank\" rel=\"noreferrer noopener\">Details of the program are available on the website of the city of Wroc\u0142aw<\/a>.<\/p>\n\n\n\n<p class=\"has-small-font-size\">*******Nasz Wroc\u0142aw discount ticket &#8211; children of an adult with an active Taxpayer Status are entitled to a one-time discount of 10% from the regular price of a discount ticket, up to 3 children. <a href=\"https:\/\/www.wroclaw.pl\/nasz-wroclaw\/\" target=\"_blank\" rel=\"noreferrer noopener\">Details of the program are available on the website of the city of Wroc\u0142aw<\/a>.<\/p>\n\n\n\n<div style=\"height:50px\" aria-hidden=\"true\" class=\"wp-block-spacer\"><\/div>\n<\/div>\n\n\n\n<section class=\"wp-block-group has-black-background-color has-background is-layout-constrained wp-block-group-is-layout-constrained\">\n<div class=\"wp-block-group container is-layout-constrained wp-block-group-is-layout-constrained\">\n<h2 class=\"wp-block-heading with-line\"><strong><strong>A FREE ENTRY TICKET IS <mark style=\"background-color:rgba(0, 0, 0, 0);color:#b9a069\" class=\"has-inline-color\">ENTITLED TO (museum and museum + stadium tour):<\/mark><\/strong><\/strong><\/h2>\n\n\n\n<ol class=\"custom gold wp-block-list\">\n<li>Children under the age of 4.<\/li>\n\n\n\n<li>One attendant for each group of 10 visitors as part of an organized group.<\/li>\n\n\n\n<li>Guides and pilots upon presentation of the relevant documents, if the above-mentioned persons act as guides or pilots of a given trip.<\/li>\n<\/ol>\n\n\n\n\n<\/div>\n<\/section>\n","protected":false},"excerpt":{"rendered":"<p>*Children\/Student ticket \u2013 &nbsp;school children and youth up to 18 years of age, students up to 26 years of age, pensioners, people with disabilities, attendant of a person with disabilities during individual trips (upon presentation of the relevant document). **Family ticket \u2013 two adults and two\/three children or youth up to 18 years of age&#8230;.<\/p>\n","protected":false},"author":1,"featured_media":0,"parent":0,"menu_order":0,"comment_status":"closed","ping_status":"closed","template":"page-full-width.php","meta":{"_eb_attr":"","inline_featured_image":false,"footnotes":""},"class_list":["post-699","page","type-page","status-publish","hentry"],"yoast_head":"<!-- This site is optimized with the Yoast SEO plugin v27.4 - https:\/\/yoast.com\/product\/yoast-seo-wordpress\/ -->\n<title>Prices - Muzeum \u015al\u0105ska Wroc\u0142aw<\/title>\n<meta name=\"robots\" content=\"index, follow, max-snippet:-1, max-image-preview:large, max-video-preview:-1\" \/>\n<link rel=\"canonical\" href=\"https:\/\/muzeumslaskwroclaw.pl\/en\/prices\/\" \/>\n<meta property=\"og:locale\" content=\"en_US\" \/>\n<meta property=\"og:type\" content=\"article\" \/>\n<meta property=\"og:title\" content=\"Prices - Muzeum \u015al\u0105ska Wroc\u0142aw\" \/>\n<meta property=\"og:description\" content=\"*Children\/Student ticket \u2013 &nbsp;school children and youth up to 18 years of age, students up to 26 years of age, pensioners, people with disabilities, attendant of a person with disabilities during individual trips (upon presentation of the relevant document). **Family ticket \u2013 two adults and two\/three children or youth up to 18 years of age....\" \/>\n<meta property=\"og:url\" content=\"https:\/\/muzeumslaskwroclaw.pl\/en\/prices\/\" \/>\n<meta property=\"og:site_name\" content=\"Muzeum \u015al\u0105ska Wroc\u0142aw\" \/>\n<meta property=\"article:modified_time\" content=\"2023-09-06T12:01:45+00:00\" \/>\n<meta name=\"twitter:card\" content=\"summary_large_image\" \/>\n<meta name=\"twitter:label1\" content=\"Est. reading time\" \/>\n\t<meta name=\"twitter:data1\" content=\"2 minutes\" \/>\n<script type=\"application\/ld+json\" class=\"yoast-schema-graph\">{\"@context\":\"https:\\\/\\\/schema.org\",\"@graph\":[{\"@type\":\"WebPage\",\"@id\":\"https:\\\/\\\/muzeumslaskwroclaw.pl\\\/en\\\/prices\\\/\",\"url\":\"https:\\\/\\\/muzeumslaskwroclaw.pl\\\/en\\\/prices\\\/\",\"name\":\"Prices - Muzeum \u015al\u0105ska Wroc\u0142aw\",\"isPartOf\":{\"@id\":\"https:\\\/\\\/muzeumslaskwroclaw.pl\\\/en\\\/#website\"},\"datePublished\":\"2023-09-05T15:46:14+00:00\",\"dateModified\":\"2023-09-06T12:01:45+00:00\",\"breadcrumb\":{\"@id\":\"https:\\\/\\\/muzeumslaskwroclaw.pl\\\/en\\\/prices\\\/#breadcrumb\"},\"inLanguage\":\"en-US\",\"potentialAction\":[{\"@type\":\"ReadAction\",\"target\":[\"https:\\\/\\\/muzeumslaskwroclaw.pl\\\/en\\\/prices\\\/\"]}]},{\"@type\":\"BreadcrumbList\",\"@id\":\"https:\\\/\\\/muzeumslaskwroclaw.pl\\\/en\\\/prices\\\/#breadcrumb\",\"itemListElement\":[{\"@type\":\"ListItem\",\"position\":1,\"name\":\"Home\",\"item\":\"https:\\\/\\\/muzeumslaskwroclaw.pl\\\/en\\\/\"},{\"@type\":\"ListItem\",\"position\":2,\"name\":\"Prices\"}]},{\"@type\":\"WebSite\",\"@id\":\"https:\\\/\\\/muzeumslaskwroclaw.pl\\\/en\\\/#website\",\"url\":\"https:\\\/\\\/muzeumslaskwroclaw.pl\\\/en\\\/\",\"name\":\"Muzeum \u015al\u0105ska Wroc\u0142aw\",\"description\":\"Poznaj histori\u0119 Wojskowego Klubu Sportowego\",\"publisher\":{\"@id\":\"https:\\\/\\\/muzeumslaskwroclaw.pl\\\/en\\\/#organization\"},\"alternateName\":\"MSW\",\"potentialAction\":[{\"@type\":\"SearchAction\",\"target\":{\"@type\":\"EntryPoint\",\"urlTemplate\":\"https:\\\/\\\/muzeumslaskwroclaw.pl\\\/en\\\/?s={search_term_string}\"},\"query-input\":{\"@type\":\"PropertyValueSpecification\",\"valueRequired\":true,\"valueName\":\"search_term_string\"}}],\"inLanguage\":\"en-US\"},{\"@type\":\"Organization\",\"@id\":\"https:\\\/\\\/muzeumslaskwroclaw.pl\\\/en\\\/#organization\",\"name\":\"Muzeum \u015al\u0105ska Wroc\u0142aw\",\"alternateName\":\"MSW\",\"url\":\"https:\\\/\\\/muzeumslaskwroclaw.pl\\\/en\\\/\",\"logo\":{\"@type\":\"ImageObject\",\"inLanguage\":\"en-US\",\"@id\":\"https:\\\/\\\/muzeumslaskwroclaw.pl\\\/en\\\/#\\\/schema\\\/logo\\\/image\\\/\",\"url\":\"https:\\\/\\\/muzeumslaskwroclaw.pl\\\/wp-content\\\/uploads\\\/2023\\\/04\\\/favicon-msw.svg\",\"contentUrl\":\"https:\\\/\\\/muzeumslaskwroclaw.pl\\\/wp-content\\\/uploads\\\/2023\\\/04\\\/favicon-msw.svg\",\"width\":512,\"height\":512,\"caption\":\"Muzeum \u015al\u0105ska Wroc\u0142aw\"},\"image\":{\"@id\":\"https:\\\/\\\/muzeumslaskwroclaw.pl\\\/en\\\/#\\\/schema\\\/logo\\\/image\\\/\"}}]}<\/script>\n<!-- \/ Yoast SEO plugin. -->","yoast_head_json":{"title":"Prices - Muzeum \u015al\u0105ska Wroc\u0142aw","robots":{"index":"index","follow":"follow","max-snippet":"max-snippet:-1","max-image-preview":"max-image-preview:large","max-video-preview":"max-video-preview:-1"},"canonical":"https:\/\/muzeumslaskwroclaw.pl\/en\/prices\/","og_locale":"en_US","og_type":"article","og_title":"Prices - Muzeum \u015al\u0105ska Wroc\u0142aw","og_description":"*Children\/Student ticket \u2013 &nbsp;school children and youth up to 18 years of age, students up to 26 years of age, pensioners, people with disabilities, attendant of a person with disabilities during individual trips (upon presentation of the relevant document). **Family ticket \u2013 two adults and two\/three children or youth up to 18 years of age....","og_url":"https:\/\/muzeumslaskwroclaw.pl\/en\/prices\/","og_site_name":"Muzeum \u015al\u0105ska Wroc\u0142aw","article_modified_time":"2023-09-06T12:01:45+00:00","twitter_card":"summary_large_image","twitter_misc":{"Est. reading time":"2 minutes"},"schema":{"@context":"https:\/\/schema.org","@graph":[{"@type":"WebPage","@id":"https:\/\/muzeumslaskwroclaw.pl\/en\/prices\/","url":"https:\/\/muzeumslaskwroclaw.pl\/en\/prices\/","name":"Prices - Muzeum \u015al\u0105ska Wroc\u0142aw","isPartOf":{"@id":"https:\/\/muzeumslaskwroclaw.pl\/en\/#website"},"datePublished":"2023-09-05T15:46:14+00:00","dateModified":"2023-09-06T12:01:45+00:00","breadcrumb":{"@id":"https:\/\/muzeumslaskwroclaw.pl\/en\/prices\/#breadcrumb"},"inLanguage":"en-US","potentialAction":[{"@type":"ReadAction","target":["https:\/\/muzeumslaskwroclaw.pl\/en\/prices\/"]}]},{"@type":"BreadcrumbList","@id":"https:\/\/muzeumslaskwroclaw.pl\/en\/prices\/#breadcrumb","itemListElement":[{"@type":"ListItem","position":1,"name":"Home","item":"https:\/\/muzeumslaskwroclaw.pl\/en\/"},{"@type":"ListItem","position":2,"name":"Prices"}]},{"@type":"WebSite","@id":"https:\/\/muzeumslaskwroclaw.pl\/en\/#website","url":"https:\/\/muzeumslaskwroclaw.pl\/en\/","name":"Muzeum \u015al\u0105ska Wroc\u0142aw","description":"Poznaj histori\u0119 Wojskowego Klubu Sportowego","publisher":{"@id":"https:\/\/muzeumslaskwroclaw.pl\/en\/#organization"},"alternateName":"MSW","potentialAction":[{"@type":"SearchAction","target":{"@type":"EntryPoint","urlTemplate":"https:\/\/muzeumslaskwroclaw.pl\/en\/?s={search_term_string}"},"query-input":{"@type":"PropertyValueSpecification","valueRequired":true,"valueName":"search_term_string"}}],"inLanguage":"en-US"},{"@type":"Organization","@id":"https:\/\/muzeumslaskwroclaw.pl\/en\/#organization","name":"Muzeum \u015al\u0105ska Wroc\u0142aw","alternateName":"MSW","url":"https:\/\/muzeumslaskwroclaw.pl\/en\/","logo":{"@type":"ImageObject","inLanguage":"en-US","@id":"https:\/\/muzeumslaskwroclaw.pl\/en\/#\/schema\/logo\/image\/","url":"https:\/\/muzeumslaskwroclaw.pl\/wp-content\/uploads\/2023\/04\/favicon-msw.svg","contentUrl":"https:\/\/muzeumslaskwroclaw.pl\/wp-content\/uploads\/2023\/04\/favicon-msw.svg","width":512,"height":512,"caption":"Muzeum \u015al\u0105ska Wroc\u0142aw"},"image":{"@id":"https:\/\/muzeumslaskwroclaw.pl\/en\/#\/schema\/logo\/image\/"}}]}},"_links":{"self":[{"href":"https:\/\/muzeumslaskwroclaw.pl\/en\/wp-json\/wp\/v2\/pages\/699","targetHints":{"allow":["GET"]}}],"collection":[{"href":"https:\/\/muzeumslaskwroclaw.pl\/en\/wp-json\/wp\/v2\/pages"}],"about":[{"href":"https:\/\/muzeumslaskwroclaw.pl\/en\/wp-json\/wp\/v2\/types\/page"}],"author":[{"embeddable":true,"href":"https:\/\/muzeumslaskwroclaw.pl\/en\/wp-json\/wp\/v2\/users\/1"}],"replies":[{"embeddable":true,"href":"https:\/\/muzeumslaskwroclaw.pl\/en\/wp-json\/wp\/v2\/comments?post=699"}],"version-history":[{"count":8,"href":"https:\/\/muzeumslaskwroclaw.pl\/en\/wp-json\/wp\/v2\/pages\/699\/revisions"}],"predecessor-version":[{"id":713,"href":"https:\/\/muzeumslaskwroclaw.pl\/en\/wp-json\/wp\/v2\/pages\/699\/revisions\/713"}],"wp:attachment":[{"href":"https:\/\/muzeumslaskwroclaw.pl\/en\/wp-json\/wp\/v2\/media?parent=699"}],"curies":[{"name":"wp","href":"https:\/\/api.w.org\/{rel}","templated":true}]}}