{"id":549,"date":"2023-04-03T15:03:47","date_gmt":"2023-04-03T13:03:47","guid":{"rendered":"https:\/\/muzeumslaskwroclaw.pl\/polityka-prywatnosci\/"},"modified":"2023-08-24T12:38:12","modified_gmt":"2023-08-24T10:38:12","slug":"polityka-prywatnosci","status":"publish","type":"page","link":"https:\/\/muzeumslaskwroclaw.pl\/en\/polityka-prywatnosci\/","title":{"rendered":"Polityka prywatno\u015bci"},"content":{"rendered":"\n<h1 class=\"wp-block-heading\" id=\"start-content\"><strong>POLITYKA PRYWATNO\u015aCI STADION WROC\u0141AW SP. Z O.O.<\/strong><\/h1>\n\n\n\n<h2 class=\"wp-block-heading\"><strong>Kto jest administratorem moich danych osobowych?<\/strong><\/h2>\n\n\n\n<p>Administratorem danych jest Stadion Wroc\u0142aw Sp. z o.o. z siedzib\u0105 we Wroc\u0142awiu przy Al. \u015al\u0105skiej 1, 54-118 Wroc\u0142aw (dalej: <strong>Administrator <\/strong>lub <strong>Stadion<\/strong>).<\/p>\n\n\n\n<p>We wszelkich sprawa zwi\u0105zanych z przetwarzaniem Twoich danych osobowych przez Stadion mo\u017cesz skontaktowa\u0107 si\u0119 z naszym Inspektorem ochrony danych osobowych \u2013 Panem Sebastianem Sobeckim, pod adresem e-mail: iod@stadionwroclaw.pl.<\/p>\n\n\n\n<p>Mo\u017cesz r\u00f3wnie\u017c skontaktowa\u0107 si\u0119 z nami za po\u015brednictwem formularza kontaktowego dost\u0119pnego na naszej stronie internetowej.<\/p>\n\n\n\n<h2 class=\"wp-block-heading\"><strong>Jaki jest zakres przetwarzanych przez <\/strong><strong>Stadion Wroc\u0142aw <\/strong><strong>danych osobowych?<\/strong><\/h2>\n\n\n\n<p>W przypadku korzystania z serwisu www.muzeumslaskwroclaw.pl administrowanego przez Stadion Wroc\u0142aw Sp. z o.o. przetwarzamy dane takie jak: adres IP Twojego urz\u0105dzenia, adres URL \u017c\u0105dania, nazwa domeny, identyfikator urz\u0105dzenia, typ przegl\u0105darki, j\u0119zyk przegl\u0105darki, liczba klikni\u0119\u0107, ilo\u015b\u0107 czasu sp\u0119dzonego na poszczeg\u00f3lnych stronach, data i godzina korzystania z serwisu, typ i wersja systemu operacyjnego, rozdzielczo\u015b\u0107 ekranu, dane zbierane w dziennikach serwera a tak\u017ce inne podobne informacje.<\/p>\n\n\n\n<p>Mo\u017cemy tak\u017ce przetwarza\u0107 inne dane np. dane identyfikacyjne, o ile zosta\u0142y dobrowolnie podane przez Ciebie w zwi\u0105zku z korzystaniem z wybranych us\u0142ug naszych serwis\u00f3w.<\/p>\n\n\n\n<p>Je\u017celi skontaktujesz si\u0119 z nami za po\u015brednictwem formularza kontaktowego dost\u0119pnego na stronie, b\u0119dziemy przetwarza\u0107 Twoje dane takie jak: imi\u0119, nazwisko, adres e-mail oraz inne dane osobowe, kt\u00f3re podasz nam w tre\u015bci wiadomo\u015bci.<\/p>\n\n\n\n<p>Je\u015bli prze\u015blesz wiadomo\u015b\u0107 e-mail na jeden z adres\u00f3w, dost\u0119pnych na stronie, b\u0119dziemy przetwarza\u0107 Tw\u00f3j adres e-mail oraz inne dane osobowe, kt\u00f3re podasz nam w tre\u015bci wiadomo\u015bci.<\/p>\n\n\n\n<h2 class=\"wp-block-heading\"><strong>Na jakiej podstawie prawnej, w jakim celu i jak d\u0142ugo s\u0105 przetwarzane moje d<\/strong><strong>ane?<\/strong><\/h2>\n\n\n\n<p>Przetwarzanie danych osobowych mo\u017ce odbywa\u0107 si\u0119 wy\u0142\u0105cznie na podstawie prawnej i tylko do czasu, kiedy taka podstawa b\u0119dzie mia\u0142a miejsce. Stadion Wroc\u0142aw przetwarza Twoje dane osobowe na nast\u0119puj\u0105cych podstawach:<\/p>\n\n\n\n<h3 class=\"wp-block-heading\">1. Zgoda<\/h3>\n\n\n\n<p>Za ka\u017cdym razem, kiedy b\u0119dziemy prosili Ci\u0119 o wyra\u017cenie zgody na przetwarzanie Twoich danych osobowych, prawn\u0105 podstaw\u0105 uprawniaj\u0105c\u0105 nas do przetwarzania danych b\u0119dzie zgoda (art. 6 ust. 1 lit. a RODO). Wtedy dane osobowe b\u0119d\u0105 przetwarzane do czasu cofni\u0119cia zgody lub rezygnacji z us\u0142ugi przez Administratora.<\/p>\n\n\n\n<h3 class=\"wp-block-heading\">2. Zawarcie umowy<\/h3>\n\n\n\n<p>W niekt\u00f3rych sytuacjach b\u0119dziemy przetwarza\u0107 Twoje dane, gdy b\u0119dzie to niezb\u0119dne do zawarcia umowy, kt\u00f3rej b\u0119dziesz stron\u0105 lub gdy b\u0119dzie to niezb\u0119dne do podj\u0119cia dzia\u0142a\u0144 na Twoje \u017c\u0105danie, przed zawarciem umowy (art. 6 ust. 1 lit. b RODO). Dane b\u0119d\u0105 w\u00f3wczas przetwarzane przez okres obowi\u0105zywania ww. umowy.<\/p>\n\n\n\n<h3 class=\"wp-block-heading\">3. Prawnie uzasadniony interes Administratora danych osobowych Stadionu Wroc\u0142aw Sp. z o.o.<\/h3>\n\n\n\n<p>W okre\u015blonych sytuacjach Twoje dane osobowe b\u0119d\u0105 przetwarzane na podstawie prawnie uzasadnionego interesu Administratora (art. 6 ust. 1 lit. f) RODO), kt\u00f3rym jest:<\/p>\n\n\n\n<ul class=\"wp-block-list\">\n<li>a) &nbsp;monitorowanie aktywno\u015bci U\u017cytkownika, obejmuj\u0105cej np. wyszukiwanie s\u0142\u00f3w kluczowych, w celu zapewnienia optymalizacji wyszukiwa\u0144;<\/li>\n\n\n\n<li>b) &nbsp;zapewnienie bezpiecze\u0144stwa us\u0142ugi;<\/li>\n\n\n\n<li>c) &nbsp;zapewnienie bezpiecze\u0144stwa ruchu;<\/li>\n\n\n\n<li>d) &nbsp;prowadzenie bada\u0144 i analiz, mi\u0119dzy innymi pod k\u0105tem funkcjonalno\u015bci optymalizacji dzia\u0142ania i okre\u015blenia obszar\u00f3w zainteresowania U\u017cytkownik\u00f3w;<\/li>\n\n\n\n<li>e) &nbsp;organizacja konkurs\u00f3w oraz akcji promocyjnych, w kt\u00f3rych U\u017cytkownik bierze udzia\u0142;<\/li>\n\n\n\n<li>f) &nbsp;prowadzenie analiz statystycznych;<\/li>\n\n\n\n<li>g) &nbsp;przechowywanie danych dla cel\u00f3w archiwizacyjnych;<\/li>\n\n\n\n<li>h) &nbsp;ewentualne dochodzenie roszcze\u0144 cywilnoprawnych lub obrony przed takimi roszczeniami.<\/li>\n<\/ul>\n\n\n\n<p>Dane b\u0119d\u0105 przetwarzane przez okres konieczny dla wykonywania ww. dzia\u0142a\u0144 lub up\u0142yw okresu przedawnienia wzajemnych roszcze\u0144 w przypadku danych zwi\u0105zanych z zawart\u0105 umow\u0105.<\/p>\n\n\n\n<h2 class=\"wp-block-heading\"><strong>Czy poza Administratorem, inne podmioty b\u0119d\u0105 przetwarza\u0107 moje dane osobowe?<\/strong><\/h2>\n\n\n\n<p>Twoje dane b\u0119d\u0105 przetwarzane przede wszystkim przez Stadion Wroc\u0142aw Sp. z o.o. W zwi\u0105zku z tym, \u017ce korzystamy z us\u0142ug zewn\u0119trznych dostawc\u00f3w, Twoje dane b\u0119d\u0105 ujawniane firmom \u015bwiadcz\u0105cym us\u0142ugi hostingowe oraz bakckupowe w celu ich przechowywania i przetwarzania.<\/p>\n\n\n\n<p>Dodatkowo Twoje dane mog\u0105 zosta\u0107 ujawnione na \u017c\u0105danie organ\u00f3w publicznych, na podstawie obowi\u0105zuj\u0105cych, nadrz\u0119dnych przepis\u00f3w prawa.<\/p>\n\n\n\n<h2 class=\"wp-block-heading\"><strong>Czy moje dane b\u0119d\u0105 udost\u0119pniane <\/strong><strong>poza Europejski Obszar Gospodarczy?<\/strong><\/h2>\n\n\n\n<p>Twoje dane osobowe b\u0119d\u0105 przekazywane poza Europejski Obszar Gospodarczy (dalej: <strong>EOG<\/strong>) do Google LLC. Przekazywanie odbywa\u0107 si\u0119 b\u0119dzie na postawie prawnych zabezpiecze\u0144 ochrony danych osobowych, zatwierdzonych przez Komisj\u0119 Europejsk\u0105.<\/p>\n\n\n\n<p>Wi\u0119cej informacji dotycz\u0105cych przesy\u0142ania danych poza EOG mo\u017cna znale\u017a\u0107 na stronie: https:\/\/policies.google.com\/privacy\/frameworks?hl=pl.<\/p>\n\n\n\n<h2 class=\"wp-block-heading\"><strong>Czy na stronie funkcjonuj\u0105 <\/strong><strong>pliki cookies?<\/strong><\/h2>\n\n\n\n<p>Informacje o tym, jak Stadion korzysta z plik\u00f3w cookie znajduj\u0105 si\u0119 w naszej Polityce cookies.<\/p>\n\n\n\n<p><strong>Jakie prawa mi przys\u0142uguj\u0105?<\/strong><\/p>\n\n\n\n<p>Zgodnie z przepisami RODO przys\u0142uguj\u0105 Ci nast\u0119puj\u0105ce uprawnienia wobec Twoich danych i ich przetwarzania:<\/p>\n\n\n\n<ul class=\"wp-block-list\">\n<li>a) &nbsp;je\u015bli zosta\u0142a udzielona zgoda na przetwarzanie danych, mo\u017ce ona zosta\u0107 wycofana w ka\u017cdym czasie poprzez zwr\u00f3cenie si\u0119 do Administratora danych osobowych;<\/li>\n\n\n\n<li>b) &nbsp;masz prawo \u017c\u0105dania dost\u0119pu do danych osobowych, ich usuni\u0119cia, ograniczenia przetwarzania, sprostowania danych, przenoszenia danych oraz wniesienia sprzeciwu wobec ich przetwarzania.<\/li>\n<\/ul>\n\n\n\n<p>Dodatkowo przys\u0142uguje Ci tak\u017ce prawo do wniesienia skargi do Prezesa Urz\u0119du Ochrony Danych Osobowych.<\/p>\n\n\n\n<p>Przenoszenie danych mo\u017ce odbywa\u0107 si\u0119 w spos\u00f3b zautomatyzowany.<\/p>\n\n\n\n<h2 class=\"wp-block-heading\"><strong>Czy Polityka prywatno\u015bci mo\u017ce zosta\u0107 zmieniona?<\/strong><\/h2>\n\n\n\n<p>Nie mo\u017cemy wykluczy\u0107, \u017ce w przysz\u0142o\u015bci b\u0119dziemy musieli zaktualizowa\u0107 nasz\u0105 Polityk\u0119 prywatno\u015bci. Najnowsza wersja b\u0119dzie zawsze dost\u0119pna na naszej stronie www. Dodatkowo, b\u0119dziemy informowa\u0107 o ka\u017cdej zmianie tre\u015bci dokumentu, np. o zmianach dotycz\u0105cych celu, w jakim korzystamy z Twoich danych osobowych, sposobu kontaktu z nami lub Twoich praw.<\/p>\n\n\n\n<h2 class=\"wp-block-heading\"><strong>Kiedy niniejsza Polityka prywatno\u015bci wchodzi w \u017cycie?<\/strong><\/h2>\n\n\n\n<p>Polityka prywatno\u015bci obowi\u0105zuje od dnia 1 czerwca 2022 r.<\/p>\n","protected":false},"excerpt":{"rendered":"<p>POLITYKA PRYWATNO\u015aCI STADION WROC\u0141AW SP. Z O.O. Kto jest administratorem moich danych osobowych? Administratorem danych jest Stadion Wroc\u0142aw Sp. z o.o. z siedzib\u0105 we Wroc\u0142awiu przy Al. \u015al\u0105skiej 1, 54-118 Wroc\u0142aw (dalej: Administrator lub Stadion). We wszelkich sprawa zwi\u0105zanych z przetwarzaniem Twoich danych osobowych przez Stadion mo\u017cesz skontaktowa\u0107 si\u0119 z naszym Inspektorem ochrony danych osobowych&#8230;<\/p>\n","protected":false},"author":1,"featured_media":0,"parent":0,"menu_order":0,"comment_status":"closed","ping_status":"closed","template":"","meta":{"_eb_attr":"","inline_featured_image":false,"footnotes":""},"class_list":["post-549","page","type-page","status-publish","hentry"],"yoast_head":"<!-- This site is optimized with the Yoast SEO plugin v27.4 - https:\/\/yoast.com\/product\/yoast-seo-wordpress\/ -->\n<title>Polityka prywatno\u015bci - Muzeum \u015al\u0105ska Wroc\u0142aw<\/title>\n<meta name=\"robots\" content=\"index, follow, max-snippet:-1, max-image-preview:large, max-video-preview:-1\" \/>\n<link rel=\"canonical\" href=\"https:\/\/muzeumslaskwroclaw.pl\/en\/polityka-prywatnosci\/\" \/>\n<meta property=\"og:locale\" content=\"en_US\" \/>\n<meta property=\"og:type\" content=\"article\" \/>\n<meta property=\"og:title\" content=\"Polityka prywatno\u015bci - Muzeum \u015al\u0105ska Wroc\u0142aw\" \/>\n<meta property=\"og:description\" content=\"POLITYKA PRYWATNO\u015aCI STADION WROC\u0141AW SP. Z O.O. Kto jest administratorem moich danych osobowych? Administratorem danych jest Stadion Wroc\u0142aw Sp. z o.o. z siedzib\u0105 we Wroc\u0142awiu przy Al. \u015al\u0105skiej 1, 54-118 Wroc\u0142aw (dalej: Administrator lub Stadion). We wszelkich sprawa zwi\u0105zanych z przetwarzaniem Twoich danych osobowych przez Stadion mo\u017cesz skontaktowa\u0107 si\u0119 z naszym Inspektorem ochrony danych osobowych...\" \/>\n<meta property=\"og:url\" content=\"https:\/\/muzeumslaskwroclaw.pl\/en\/polityka-prywatnosci\/\" \/>\n<meta property=\"og:site_name\" content=\"Muzeum \u015al\u0105ska Wroc\u0142aw\" \/>\n<meta property=\"article:modified_time\" content=\"2023-08-24T10:38:12+00:00\" \/>\n<meta name=\"twitter:card\" content=\"summary_large_image\" \/>\n<meta name=\"twitter:label1\" content=\"Est. reading time\" \/>\n\t<meta name=\"twitter:data1\" content=\"5 minutes\" \/>\n<script type=\"application\/ld+json\" class=\"yoast-schema-graph\">{\"@context\":\"https:\\\/\\\/schema.org\",\"@graph\":[{\"@type\":\"WebPage\",\"@id\":\"https:\\\/\\\/muzeumslaskwroclaw.pl\\\/en\\\/polityka-prywatnosci\\\/\",\"url\":\"https:\\\/\\\/muzeumslaskwroclaw.pl\\\/en\\\/polityka-prywatnosci\\\/\",\"name\":\"Polityka prywatno\u015bci - Muzeum \u015al\u0105ska Wroc\u0142aw\",\"isPartOf\":{\"@id\":\"https:\\\/\\\/muzeumslaskwroclaw.pl\\\/en\\\/#website\"},\"datePublished\":\"2023-04-03T13:03:47+00:00\",\"dateModified\":\"2023-08-24T10:38:12+00:00\",\"breadcrumb\":{\"@id\":\"https:\\\/\\\/muzeumslaskwroclaw.pl\\\/en\\\/polityka-prywatnosci\\\/#breadcrumb\"},\"inLanguage\":\"en-US\",\"potentialAction\":[{\"@type\":\"ReadAction\",\"target\":[\"https:\\\/\\\/muzeumslaskwroclaw.pl\\\/en\\\/polityka-prywatnosci\\\/\"]}]},{\"@type\":\"BreadcrumbList\",\"@id\":\"https:\\\/\\\/muzeumslaskwroclaw.pl\\\/en\\\/polityka-prywatnosci\\\/#breadcrumb\",\"itemListElement\":[{\"@type\":\"ListItem\",\"position\":1,\"name\":\"Home\",\"item\":\"https:\\\/\\\/muzeumslaskwroclaw.pl\\\/en\\\/\"},{\"@type\":\"ListItem\",\"position\":2,\"name\":\"Polityka prywatno\u015bci\"}]},{\"@type\":\"WebSite\",\"@id\":\"https:\\\/\\\/muzeumslaskwroclaw.pl\\\/en\\\/#website\",\"url\":\"https:\\\/\\\/muzeumslaskwroclaw.pl\\\/en\\\/\",\"name\":\"Muzeum \u015al\u0105ska Wroc\u0142aw\",\"description\":\"Poznaj histori\u0119 Wojskowego Klubu Sportowego\",\"publisher\":{\"@id\":\"https:\\\/\\\/muzeumslaskwroclaw.pl\\\/en\\\/#organization\"},\"alternateName\":\"MSW\",\"potentialAction\":[{\"@type\":\"SearchAction\",\"target\":{\"@type\":\"EntryPoint\",\"urlTemplate\":\"https:\\\/\\\/muzeumslaskwroclaw.pl\\\/en\\\/?s={search_term_string}\"},\"query-input\":{\"@type\":\"PropertyValueSpecification\",\"valueRequired\":true,\"valueName\":\"search_term_string\"}}],\"inLanguage\":\"en-US\"},{\"@type\":\"Organization\",\"@id\":\"https:\\\/\\\/muzeumslaskwroclaw.pl\\\/en\\\/#organization\",\"name\":\"Muzeum \u015al\u0105ska Wroc\u0142aw\",\"alternateName\":\"MSW\",\"url\":\"https:\\\/\\\/muzeumslaskwroclaw.pl\\\/en\\\/\",\"logo\":{\"@type\":\"ImageObject\",\"inLanguage\":\"en-US\",\"@id\":\"https:\\\/\\\/muzeumslaskwroclaw.pl\\\/en\\\/#\\\/schema\\\/logo\\\/image\\\/\",\"url\":\"https:\\\/\\\/muzeumslaskwroclaw.pl\\\/wp-content\\\/uploads\\\/2023\\\/04\\\/favicon-msw.svg\",\"contentUrl\":\"https:\\\/\\\/muzeumslaskwroclaw.pl\\\/wp-content\\\/uploads\\\/2023\\\/04\\\/favicon-msw.svg\",\"width\":512,\"height\":512,\"caption\":\"Muzeum \u015al\u0105ska Wroc\u0142aw\"},\"image\":{\"@id\":\"https:\\\/\\\/muzeumslaskwroclaw.pl\\\/en\\\/#\\\/schema\\\/logo\\\/image\\\/\"}}]}<\/script>\n<!-- \/ Yoast SEO plugin. -->","yoast_head_json":{"title":"Polityka prywatno\u015bci - Muzeum \u015al\u0105ska Wroc\u0142aw","robots":{"index":"index","follow":"follow","max-snippet":"max-snippet:-1","max-image-preview":"max-image-preview:large","max-video-preview":"max-video-preview:-1"},"canonical":"https:\/\/muzeumslaskwroclaw.pl\/en\/polityka-prywatnosci\/","og_locale":"en_US","og_type":"article","og_title":"Polityka prywatno\u015bci - Muzeum \u015al\u0105ska Wroc\u0142aw","og_description":"POLITYKA PRYWATNO\u015aCI STADION WROC\u0141AW SP. Z O.O. Kto jest administratorem moich danych osobowych? Administratorem danych jest Stadion Wroc\u0142aw Sp. z o.o. z siedzib\u0105 we Wroc\u0142awiu przy Al. \u015al\u0105skiej 1, 54-118 Wroc\u0142aw (dalej: Administrator lub Stadion). We wszelkich sprawa zwi\u0105zanych z przetwarzaniem Twoich danych osobowych przez Stadion mo\u017cesz skontaktowa\u0107 si\u0119 z naszym Inspektorem ochrony danych osobowych...","og_url":"https:\/\/muzeumslaskwroclaw.pl\/en\/polityka-prywatnosci\/","og_site_name":"Muzeum \u015al\u0105ska Wroc\u0142aw","article_modified_time":"2023-08-24T10:38:12+00:00","twitter_card":"summary_large_image","twitter_misc":{"Est. reading time":"5 minutes"},"schema":{"@context":"https:\/\/schema.org","@graph":[{"@type":"WebPage","@id":"https:\/\/muzeumslaskwroclaw.pl\/en\/polityka-prywatnosci\/","url":"https:\/\/muzeumslaskwroclaw.pl\/en\/polityka-prywatnosci\/","name":"Polityka prywatno\u015bci - Muzeum \u015al\u0105ska Wroc\u0142aw","isPartOf":{"@id":"https:\/\/muzeumslaskwroclaw.pl\/en\/#website"},"datePublished":"2023-04-03T13:03:47+00:00","dateModified":"2023-08-24T10:38:12+00:00","breadcrumb":{"@id":"https:\/\/muzeumslaskwroclaw.pl\/en\/polityka-prywatnosci\/#breadcrumb"},"inLanguage":"en-US","potentialAction":[{"@type":"ReadAction","target":["https:\/\/muzeumslaskwroclaw.pl\/en\/polityka-prywatnosci\/"]}]},{"@type":"BreadcrumbList","@id":"https:\/\/muzeumslaskwroclaw.pl\/en\/polityka-prywatnosci\/#breadcrumb","itemListElement":[{"@type":"ListItem","position":1,"name":"Home","item":"https:\/\/muzeumslaskwroclaw.pl\/en\/"},{"@type":"ListItem","position":2,"name":"Polityka prywatno\u015bci"}]},{"@type":"WebSite","@id":"https:\/\/muzeumslaskwroclaw.pl\/en\/#website","url":"https:\/\/muzeumslaskwroclaw.pl\/en\/","name":"Muzeum \u015al\u0105ska Wroc\u0142aw","description":"Poznaj histori\u0119 Wojskowego Klubu Sportowego","publisher":{"@id":"https:\/\/muzeumslaskwroclaw.pl\/en\/#organization"},"alternateName":"MSW","potentialAction":[{"@type":"SearchAction","target":{"@type":"EntryPoint","urlTemplate":"https:\/\/muzeumslaskwroclaw.pl\/en\/?s={search_term_string}"},"query-input":{"@type":"PropertyValueSpecification","valueRequired":true,"valueName":"search_term_string"}}],"inLanguage":"en-US"},{"@type":"Organization","@id":"https:\/\/muzeumslaskwroclaw.pl\/en\/#organization","name":"Muzeum \u015al\u0105ska Wroc\u0142aw","alternateName":"MSW","url":"https:\/\/muzeumslaskwroclaw.pl\/en\/","logo":{"@type":"ImageObject","inLanguage":"en-US","@id":"https:\/\/muzeumslaskwroclaw.pl\/en\/#\/schema\/logo\/image\/","url":"https:\/\/muzeumslaskwroclaw.pl\/wp-content\/uploads\/2023\/04\/favicon-msw.svg","contentUrl":"https:\/\/muzeumslaskwroclaw.pl\/wp-content\/uploads\/2023\/04\/favicon-msw.svg","width":512,"height":512,"caption":"Muzeum \u015al\u0105ska Wroc\u0142aw"},"image":{"@id":"https:\/\/muzeumslaskwroclaw.pl\/en\/#\/schema\/logo\/image\/"}}]}},"_links":{"self":[{"href":"https:\/\/muzeumslaskwroclaw.pl\/en\/wp-json\/wp\/v2\/pages\/549","targetHints":{"allow":["GET"]}}],"collection":[{"href":"https:\/\/muzeumslaskwroclaw.pl\/en\/wp-json\/wp\/v2\/pages"}],"about":[{"href":"https:\/\/muzeumslaskwroclaw.pl\/en\/wp-json\/wp\/v2\/types\/page"}],"author":[{"embeddable":true,"href":"https:\/\/muzeumslaskwroclaw.pl\/en\/wp-json\/wp\/v2\/users\/1"}],"replies":[{"embeddable":true,"href":"https:\/\/muzeumslaskwroclaw.pl\/en\/wp-json\/wp\/v2\/comments?post=549"}],"version-history":[{"count":2,"href":"https:\/\/muzeumslaskwroclaw.pl\/en\/wp-json\/wp\/v2\/pages\/549\/revisions"}],"predecessor-version":[{"id":634,"href":"https:\/\/muzeumslaskwroclaw.pl\/en\/wp-json\/wp\/v2\/pages\/549\/revisions\/634"}],"wp:attachment":[{"href":"https:\/\/muzeumslaskwroclaw.pl\/en\/wp-json\/wp\/v2\/media?parent=549"}],"curies":[{"name":"wp","href":"https:\/\/api.w.org\/{rel}","templated":true}]}}