{"id":546,"date":"2023-08-22T17:30:58","date_gmt":"2023-08-22T15:30:58","guid":{"rendered":"https:\/\/muzeumslaskwroclaw.pl\/polityka-cookies-muzeum\/"},"modified":"2023-08-24T12:37:48","modified_gmt":"2023-08-24T10:37:48","slug":"polityka-cookies-muzeum","status":"publish","type":"page","link":"https:\/\/muzeumslaskwroclaw.pl\/en\/polityka-cookies-muzeum\/","title":{"rendered":"Polityka cookies muzeum"},"content":{"rendered":"\n<h1 class=\"wp-block-heading\" id=\"start-content\"><strong>COOKIES I INNE TECHNOLOGIE <\/strong><strong>\u015aLEDZ\u0104CE<\/strong><\/h1>\n\n\n\n<ol class=\"wp-block-list\">\n<li>Podczas korzystania ze strony www Us\u0142ugodawca (Stadion Wroc\u0142aw sp. z o.o.) instaluje w urz\u0105dzeniu ko\u0144cowym Us\u0142ugobiorcy pliki cookies.<\/li>\n\n\n\n<li>Pliki cookies (tzw. \u201eciasteczka\u201d) stanowi\u0105 dane informatyczne, w szczeg\u00f3lno\u015bci pliki tekstowe, kt\u00f3re przechowywane s\u0105 w Twoim urz\u0105dzeniu ko\u0144cowym i mog\u0105 by\u0107 odczytywane b\u0105d\u017a przez system teleinformatyczny Stadion Wroc\u0142aw sp. z o.o. (cookies w\u0142asne) lub przez system teleinformatyczny podmiot\u00f3w trzecich (cookies podmiot\u00f3w trzecich). Cookies zazwyczaj zawieraj\u0105 nazw\u0119 strony internetowej, z kt\u00f3rej pochodz\u0105, czas przechowywania ich na urz\u0105dzeniu ko\u0144cowym oraz unikalny numer.<\/li>\n\n\n\n<li>W ramach strony www stosowane s\u0105 dwa zasadnicze rodzaje plik\u00f3w cookies: \u201esesyjne\u201d (<em>session cookies<\/em>) oraz \u201esta\u0142e\u201d (<em>persistent cookies<\/em>). Cookies \u201esesyjne\u201d s\u0105 plikami tymczasowymi, kt\u00f3re przechowywane s\u0105 w Twoim urz\u0105dzeniu ko\u0144cowym do czasu zamkni\u0119cia strony www lub wy\u0142\u0105czenia przegl\u0105darki internetowej. \u201eSta\u0142e\u201d pliki cookies przechowywane s\u0105 w Twoim urz\u0105dzeniu ko\u0144cowym przez czas okre\u015blony w parametrach plik\u00f3w cookies lub do czasu ich usuni\u0119cia przez Ciebie.<\/li>\n\n\n\n<li>Stadion Wroc\u0142aw sp. z o.o. stosuje \u201eniezb\u0119dne\u201d pliki cookies wykorzystywane do prawid\u0142owego dzia\u0142ania strony www. Je\u017celi wyrazisz zgod\u0119 b\u0119dziemy dodatkowo wykorzystywa\u0107 pliki cookies analityczne\/wydajno\u015bciowe, pliki cookies funkcjonalne lub pliki cookies marketingowe (szczeg\u00f3\u0142owe informacje o stosowanych plikach cookies patrz pkt 8).<\/li>\n\n\n\n<li>Podczas pierwszego wej\u015bcia na stron\u0119 www zostanie Ci wy\u015bwietlony komunikat o stosowaniu cookies. Z poziomu ww. komunikatu b\u0119dziesz m\u00f3g\u0142 wyrazi\u0107 zgod\u0119 lub nie wyrazi\u0107 zgody na stosowanie niekt\u00f3rych plik\u00f3w cookies. Wyra\u017cenie zgody na instalacj\u0119 cookies innych ni\u017c niezb\u0119dne do prawid\u0142owego dzia\u0142ania strony www jest dobrowolne. Po wyra\u017ceniu zgody zawsze mo\u017cesz zmieni\u0107 swoj\u0105 decyzj\u0119 i zmieni\u0107 ustawienia plik\u00f3w cookies z poziomu swojej przegl\u0105darki, strony www lub w og\u00f3le usun\u0105\u0107 pliki cookies. Zmiana ustawie\u0144 przegl\u0105darki skutkuj\u0105ca cofni\u0119ciem zgody na instalacj\u0119 cookies nie wp\u0142ywa na legalno\u015b\u0107 przetwarzania danych zbieranych za po\u015brednictwem cookies do czasu cofni\u0119cia ww. zgody.<\/li>\n\n\n\n<li>Stadion Wroc\u0142aw sp. z o.o. informuje, \u017ce ograniczenia stosowania plik\u00f3w cookies mog\u0105 wp\u0142yn\u0105\u0107 na niekt\u00f3re funkcjonalno\u015bci dost\u0119pne na stronie www.<\/li>\n\n\n\n<li>Ka\u017cda przegl\u0105darka internetowa okre\u015bla w\u0142asne ustawienia dotycz\u0105ce plik\u00f3w cookies. Dotyczy to r\u00f3wnie\u017c wersji przegl\u0105darek, przygotowanych na urz\u0105dzenia mobilne. W wielu przypadkach opcj\u0105 domy\u015bln\u0105 jest umo\u017cliwienie przyjmowania cookies. U\u017cytkownik mo\u017ce jednak ca\u0142kowicie wy\u0142\u0105czy\u0107 t\u0119 opcj\u0119 lub w okre\u015blonym stopniu ograniczy\u0107 przyjmowanie tych plik\u00f3w. Wy\u0142\u0105czenie przyjmowania plik\u00f3w cookies mo\u017ce wp\u0142yn\u0105\u0107 na wygod\u0119 u\u017cytkowania stron a w niekt\u00f3rych, rzadkich przypadkach uniemo\u017cliwi\u0107 korzystanie z cz\u0119\u015bci serwisu. Szczeg\u00f3\u0142owe informacje na temat ustawie\u0144 oraz wy\u0142\u0105czenia cookies w poszczeg\u00f3lnych przegl\u0105darkach s\u0105 dostarczane przez tw\u00f3rc\u00f3w przegl\u0105darek na ich stronach. Poni\u017cej znajduj\u0105 si\u0119 odno\u015bniki do najcz\u0119\u015bciej u\u017cywanych przegl\u0105darek: Opera: http:\/\/help.opera.com\/Windows\/12.10\/pl\/cookies.html;<br>Firefox: https:\/\/support.mozilla.org\/pl\/kb\/W\u0142\u0105czanie%20i%20wy\u0142\u0105czanie%20obs\u0142ugi%20ciasteczek ; Chrome: https:\/\/support.google.com\/chrome\/answer\/95647?hl=pl; Internet Explorer: https:\/\/support.microsoft.com\/plpl\/products\/windows?os=windows-10; Safari: https:\/\/support.apple.com\/kb\/PH5042?locale=pl_PL.<\/li>\n\n\n\n<li>Na naszej stronie u\u017cywamy nast\u0119puj\u0105ce pliki cookies:<\/li>\n<\/ol>\n\n\n\n<p><strong>Niezb\u0119dne pliki cookies <\/strong>\u2500 pliki cookies niezb\u0119dne do funkcjonowania strony www, umo\u017cliwiaj\u0105ce korzystanie z us\u0142ug dost\u0119pnych w ramach strony www.<\/p>\n\n\n\n\n\n\n\n<figure class=\"wp-block-table\"><table><tbody><tr><td><strong>Nazwa<\/strong><\/td><td><strong>Opis<\/strong><\/td><td><strong>Okres przechowywania<\/strong><\/td><td><strong>Dostawca cookie<\/strong><\/td><\/tr><tr><td><strong>CookieLawInfoConsent<\/strong><\/td><td>CookieYes ustawia ten plik cookie do przechowywania zgody u\u017cytkownika.<\/td><td>1 rok<\/td><td>CookieYes<\/td><\/tr><tr><td><strong>cookielawinfo- checkbox- marketingowe<\/strong><\/td><td>CookieYes ustawia ten plik cookie<br>przechowywania u\u017cytkownika na<br>cookie w kategorii \u201eReklama\u201d. do zgody pliki<\/td><td>1 rok<\/td><td>CookieYes<\/td><\/tr><tr><td><strong>cookielawinfo- checkbox-others-2<\/strong><\/td><td>Ten plik cookie s\u0142u\u017cy do zapisywania preferencji u\u017cytkownika na podstawie zgody na pliki cookie RODO dotycz\u0105cej innych plik\u00f3w cookie.<\/td><td>1 rok<\/td><td>CookieYes<\/td><\/tr><tr><td><strong>cookielawinfo- checkbox- advertisement<\/strong><\/td><td>Ustawiona przez wtyczk\u0119 RODO Cookie Consent do przechowywania zgody u\u017cytkownika na pliki cookie w &#8220;Marketingowe &#8220;. kategorii<\/td><td>1 rok<\/td><td>CookieYes<\/td><\/tr><tr><td><strong>colorContrast<\/strong><\/td><td>U\u017cywamy tego pliku cookie, aby zapisa\u0107 wybrany kontrast kolor\u00f3w<\/td><td>1 rok<\/td><td>WordPress<\/td><\/tr><tr><td><strong>fontSize<\/strong><\/td><td>tarczynskiarenawroclaw.pl u\u017cywa tego pliku cookie, aby zapisa\u0107 wybrany rozmiar czcionki.<\/td><td>1 rok<\/td><td>WordPress<\/td><\/tr><tr><td><strong>ecoMode<\/strong><\/td><td>U\u017cywamy tego pliku cookie do zapisania statusu eco mode.<\/td><td>1 rok<\/td><td>WordPress<\/td><\/tr><tr><td><strong>cookielawinfo- checkbox- niesklasyfikowane<\/strong><\/td><td>Ustawiona przez wtyczk\u0119 RODO Cookie Consent do przechowywania zgody u\u017cytkownika na pliki cookie w &#8220;Uncategorized&#8221; kategorii.<\/td><td>1 rok<\/td><td>CookieYes<\/td><\/tr><tr><td><strong>cookielawinfo- checkbox- statystyczne-i- marketingowe-pliki- cookie<\/strong><\/td><td>Ustawiona przez wtyczk\u0119 RODO Cookie Consent do przechowywania zgody u\u017cytkownika na pliki cookie w &#8220;Marketingowe&#8221; kategorii.<\/td><td>1 rok<\/td><td>CookieYes<\/td><\/tr><tr><td><strong>cookielawinfo- checkbox-<\/strong> <strong>preferencyjne-pliki- cookie<\/strong><\/td><td>Ustawiona przez wtyczk\u0119 RODO Cookie Consent do przechowywania zgody u\u017cytkownika na pliki cookie w &#8220;Preferencyjne&#8221; kategorii.<\/td><td>1 rok<\/td><td>CookieYes<\/td><\/tr><tr><td><strong>cookielawinfo- checkbox-social- media-cookies<\/strong><\/td><td>Ustawiona przez wtyczk\u0119 RODO Cookie Consent do przechowywania zgody u\u017cytkownika na pliki cookie w kategorii &#8220;Social Media&#8221;.<\/td><td>1 rok<\/td><td>CookieYes<\/td><\/tr><tr><td><strong>cookielawinfo- checkbox-niezbedne- pliki-cookie<\/strong><\/td><td>Ustawiona przez wtyczk\u0119 RODO Cookie Consent do przechowywania zgody u\u017cytkownika na pliki cookie w kategorii &#8220;Niezbedne&#8221;.<\/td><td>1 rok<\/td><td>CookieYes<\/td><\/tr><\/tbody><\/table><\/figure>\n\n\n\n<p><strong>Statystyczne pliki cookie <\/strong><strong>\u2500 <\/strong>pomagaj\u0105 w\u0142a\u015bcicielom witryn zrozumie\u0107, w jaki spos\u00f3b odwiedzaj\u0105cy wchodz\u0105 w interakcj\u0119 z witrynami<\/p>\n\n\n\n\n\n\n\n<figure class=\"wp-block-table\"><table><tbody><tr><td><strong>Nazwa<\/strong><\/td><td><strong>Opis<\/strong><\/td><td><strong>Okres przechowywania<\/strong><\/td><td><strong>Dostawca cookie<\/strong><\/td><\/tr><tr><td>_ga_*<\/td><td>Google Analytics ustawia ten plik cookie do przechowywania i liczenia wy\u015bwietle\u0144 strony.<\/td><td>1 rok 1 miesi\u0105c i 4 dni<\/td><td>Google Analitics<\/td><\/tr><tr><td>_ga<\/td><td>Plik cookie _ga, zainstalowany przez Google Analytics, oblicza dane dotycz\u0105ce odwiedzaj\u0105cych, sesji i kampanii, a tak\u017ce \u015bledzi wykorzystanie witryny w raporcie analitycznym witryny. Plik cookie przechowuje informacje anonimowo i przypisuje losowo wygenerowany numer w celu rozpoznania unikalnych u\u017cytkownik\u00f3w.<\/td><td>1 rok 1 miesi\u0105c 4 dni<\/td><td>Google Analitics<\/td><\/tr><tr><td>CONSENT<\/td><td>YouTube ustawia ten plik cookie za po\u015brednictwem wbudowanych film\u00f3w z youtube i rejestruje anonimowe dane statystyczne.<\/td><td>2 lata<\/td><td>Youtube<\/td><\/tr><tr><td>cookielawinfo- checkbox- statystyczne<\/td><td>Ustawiona przez wtyczk\u0119 RODO Cookie Consent do przechowywania zgody u\u017cytkownika na pliki cookie w kategorii &#8220;Statystyczne&#8221;.<\/td><td>1 rok<\/td><td>RODO Cookie Consent<\/td><\/tr><\/tbody><\/table><\/figure>\n\n\n\n<p><strong>Preferencyjne pliki cookie \u2500 <\/strong>umo\u017cliwiaj\u0105 witrynie zapami\u0119tywanie informacji, kt\u00f3re zmieniaj\u0105 spos\u00f3b, w jaki witryna si\u0119 zachowuje lub wygl\u0105da, takich jak preferowany j\u0119zyk lub region, w kt\u00f3rym si\u0119 znajdujesz.<\/p>\n\n\n\n<figure class=\"wp-block-table\"><table><tbody><tr><td><strong>Nazwa<\/strong><\/td><td><strong>Opis<\/strong><\/td><td><strong>Okres przechowywania<\/strong><\/td><td><strong>Dostawca cookie WordPress<\/strong><\/td><\/tr><tr><td>wp- <br>wpml_current_language<\/td><td>Przechowuje bie\u017c\u0105cy j\u0119zyk.<\/td><td>1 dzie\u0144<\/td><td>WordPress<\/td><\/tr><tr><td>eco-tooltip<\/td><td>tarczynskiarenawroclaw.pl u\u017cywa tego pliku cookie, aby zapisa\u0107 ustawienia trybu eko.<\/td><td>1 rok<\/td><td>WordPress<\/td><\/tr><\/tbody><\/table><\/figure>\n\n\n\n<p><strong>Marketingowe pliki cookie \u2500 <\/strong>s\u0142u\u017c\u0105 do \u015bledzenia odwiedzaj\u0105cych na stronach internetowych. Intencj\u0105 jest wy\u015bwietlanie reklam, kt\u00f3re s\u0105 odpowiednie i anga\u017cuj\u0105ce dla indywidualnego u\u017cytkownika, a tym samym bardziej warto\u015bciowe dla wydawc\u00f3w i reklamodawc\u00f3w zewn\u0119trznych.<\/p>\n\n\n\n<figure class=\"wp-block-table\"><table><tbody><tr><td><strong>Nazwa<\/strong><\/td><td><strong>Opis<\/strong><\/td><td><strong>Okres przechowywania<\/strong><\/td><td><strong>Dostawca cookie<\/strong><\/td><\/tr><tr><td>yt.innertube::requests<\/td><td>Ten plik cookie, ustawiony przez YouTube, rejestruje unikalny identyfikator do przechowywania danych o tym, jakie filmy z YouTube widzia\u0142 u\u017cytkownik.<\/td><td>Nigdy<\/td><td>Youtube<\/td><\/tr><tr><td>yt.innertube::nextId<\/td><td>Ten plik cookie, ustawiony przez YouTube, rejestruje unikalny identyfikator do przechowywania danych o tym, jakie filmy z YouTube widzia\u0142 u\u017cytkownik.<\/td><td>Nigdy<\/td><td>Youtube<\/td><\/tr><tr><td>test_cookie<\/td><td>Test_cookie jest ustawiony przez doubleclick.net i s\u0142u\u017cy do okre\u015blenia, czy przegl\u0105darka u\u017cytkownika obs\u0142uguje pliki cookie.<\/td><td>15 minut<\/td><td>Doubleclick.net<\/td><\/tr><tr><td>yt-remote-connected- devices<\/td><td>YouTube ustawia ten plik cookie do przechowywania preferencji Wideo U\u017cytkownika za pomoc\u0105 wbudowanego wideo YouTube.<\/td><td>Nigdy<\/td><td>Youtube<\/td><\/tr><tr><td>yt-remote-device-id<\/td><td>YouTube ustawia ten plik cookie do przechowywania preferencji Wideo U\u017cytkownika za pomoc\u0105 wbudowanego wideo YouTube.<\/td><td>Nigdy<\/td><td>Youtube<\/td><\/tr><tr><td>VISITOR_INFO1_LIVE<\/td><td>Plik cookie ustawiony przez YouTube do pomiaru przepustowo\u015bci, kt\u00f3ry okre\u015bla, czy u\u017cytkownik otrzymuje nowy, czy stary interfejs odtwarzacza.<\/td><td>5 miesi\u0119cy 27 dni<\/td><td>Youtube<\/td><\/tr><tr><td>YSC<\/td><td>Plik cookie YSC jest ustawiany przez Youtube i s\u0142u\u017cy do \u015bledzenia wy\u015bwietle\u0144 osadzonych film\u00f3w na stronach Youtube.<\/td><td>1 sesja<\/td><td>Youtube<\/td><\/tr><\/tbody><\/table><\/figure>\n\n\n\n\n\n\n\n<ol class=\"wp-block-list\" start=\"9\">\n<li>Informacje zbierane za po\u015brednictwem cookies instalowanego przez Google LLC mog\u0105 by\u0107 przekazywane do serwer\u00f3w znajduj\u0105cych si\u0119 w USA, gdzie s\u0105 nast\u0119pnie przechowywane. Przekazanie danych osobowych do USA zosta\u0142o zabezpieczone przez odpowiednie standardowe klauzule umowne przyj\u0119te przez Komisj\u0119 Europejsk\u0105.<\/li>\n\n\n\n<li>Cookies instalowane przez Stadion Wroc\u0142aw sp. z o.o. lub informacje zbierane za ich po\u015brednictwem w pewnych okoliczno\u015bciach mo\u017cna uzna\u0107 za dane osobowe. Informacje o przetwarzaniu Twoich danych osobowych mo\u017cesz znale\u017a\u0107 w naszej Polityce Prywatno\u015bci.<\/li>\n\n\n\n<li>Polityka cookies obowi\u0105zuje od dnia 29.03.2023 r.<\/li>\n\n\n\n<li>Polityka cookies mo\u017ce ulec zmianie.<\/li>\n<\/ol>\n","protected":false},"excerpt":{"rendered":"<p>COOKIES I INNE TECHNOLOGIE \u015aLEDZ\u0104CE Niezb\u0119dne pliki cookies \u2500 pliki cookies niezb\u0119dne do funkcjonowania strony www, umo\u017cliwiaj\u0105ce korzystanie z us\u0142ug dost\u0119pnych w ramach strony www. Nazwa Opis Okres przechowywania Dostawca cookie CookieLawInfoConsent CookieYes ustawia ten plik cookie do przechowywania zgody u\u017cytkownika. 1 rok CookieYes cookielawinfo- checkbox- marketingowe CookieYes ustawia ten plik cookieprzechowywania u\u017cytkownika nacookie w&#8230;<\/p>\n","protected":false},"author":1,"featured_media":0,"parent":0,"menu_order":0,"comment_status":"closed","ping_status":"closed","template":"","meta":{"_eb_attr":"","inline_featured_image":false,"footnotes":""},"class_list":["post-546","page","type-page","status-publish","hentry"],"yoast_head":"<!-- This site is optimized with the Yoast SEO plugin v27.4 - https:\/\/yoast.com\/product\/yoast-seo-wordpress\/ -->\n<title>Polityka cookies muzeum - Muzeum \u015al\u0105ska Wroc\u0142aw<\/title>\n<meta name=\"robots\" content=\"index, follow, max-snippet:-1, max-image-preview:large, max-video-preview:-1\" \/>\n<link rel=\"canonical\" href=\"https:\/\/muzeumslaskwroclaw.pl\/en\/polityka-cookies-muzeum\/\" \/>\n<meta property=\"og:locale\" content=\"en_US\" \/>\n<meta property=\"og:type\" content=\"article\" \/>\n<meta property=\"og:title\" content=\"Polityka cookies muzeum - Muzeum \u015al\u0105ska Wroc\u0142aw\" \/>\n<meta property=\"og:description\" content=\"COOKIES I INNE TECHNOLOGIE \u015aLEDZ\u0104CE Niezb\u0119dne pliki cookies \u2500 pliki cookies niezb\u0119dne do funkcjonowania strony www, umo\u017cliwiaj\u0105ce korzystanie z us\u0142ug dost\u0119pnych w ramach strony www. Nazwa Opis Okres przechowywania Dostawca cookie CookieLawInfoConsent CookieYes ustawia ten plik cookie do przechowywania zgody u\u017cytkownika. 1 rok CookieYes cookielawinfo- checkbox- marketingowe CookieYes ustawia ten plik cookieprzechowywania u\u017cytkownika nacookie w...\" \/>\n<meta property=\"og:url\" content=\"https:\/\/muzeumslaskwroclaw.pl\/en\/polityka-cookies-muzeum\/\" \/>\n<meta property=\"og:site_name\" content=\"Muzeum \u015al\u0105ska Wroc\u0142aw\" \/>\n<meta property=\"article:modified_time\" content=\"2023-08-24T10:37:48+00:00\" \/>\n<meta name=\"twitter:card\" content=\"summary_large_image\" \/>\n<meta name=\"twitter:label1\" content=\"Est. reading time\" \/>\n\t<meta name=\"twitter:data1\" content=\"6 minutes\" \/>\n<script type=\"application\/ld+json\" class=\"yoast-schema-graph\">{\"@context\":\"https:\\\/\\\/schema.org\",\"@graph\":[{\"@type\":\"WebPage\",\"@id\":\"https:\\\/\\\/muzeumslaskwroclaw.pl\\\/en\\\/polityka-cookies-muzeum\\\/\",\"url\":\"https:\\\/\\\/muzeumslaskwroclaw.pl\\\/en\\\/polityka-cookies-muzeum\\\/\",\"name\":\"Polityka cookies muzeum - Muzeum \u015al\u0105ska Wroc\u0142aw\",\"isPartOf\":{\"@id\":\"https:\\\/\\\/muzeumslaskwroclaw.pl\\\/en\\\/#website\"},\"datePublished\":\"2023-08-22T15:30:58+00:00\",\"dateModified\":\"2023-08-24T10:37:48+00:00\",\"breadcrumb\":{\"@id\":\"https:\\\/\\\/muzeumslaskwroclaw.pl\\\/en\\\/polityka-cookies-muzeum\\\/#breadcrumb\"},\"inLanguage\":\"en-US\",\"potentialAction\":[{\"@type\":\"ReadAction\",\"target\":[\"https:\\\/\\\/muzeumslaskwroclaw.pl\\\/en\\\/polityka-cookies-muzeum\\\/\"]}]},{\"@type\":\"BreadcrumbList\",\"@id\":\"https:\\\/\\\/muzeumslaskwroclaw.pl\\\/en\\\/polityka-cookies-muzeum\\\/#breadcrumb\",\"itemListElement\":[{\"@type\":\"ListItem\",\"position\":1,\"name\":\"Home\",\"item\":\"https:\\\/\\\/muzeumslaskwroclaw.pl\\\/en\\\/\"},{\"@type\":\"ListItem\",\"position\":2,\"name\":\"Polityka cookies muzeum\"}]},{\"@type\":\"WebSite\",\"@id\":\"https:\\\/\\\/muzeumslaskwroclaw.pl\\\/en\\\/#website\",\"url\":\"https:\\\/\\\/muzeumslaskwroclaw.pl\\\/en\\\/\",\"name\":\"Muzeum \u015al\u0105ska Wroc\u0142aw\",\"description\":\"Poznaj histori\u0119 Wojskowego Klubu Sportowego\",\"publisher\":{\"@id\":\"https:\\\/\\\/muzeumslaskwroclaw.pl\\\/en\\\/#organization\"},\"alternateName\":\"MSW\",\"potentialAction\":[{\"@type\":\"SearchAction\",\"target\":{\"@type\":\"EntryPoint\",\"urlTemplate\":\"https:\\\/\\\/muzeumslaskwroclaw.pl\\\/en\\\/?s={search_term_string}\"},\"query-input\":{\"@type\":\"PropertyValueSpecification\",\"valueRequired\":true,\"valueName\":\"search_term_string\"}}],\"inLanguage\":\"en-US\"},{\"@type\":\"Organization\",\"@id\":\"https:\\\/\\\/muzeumslaskwroclaw.pl\\\/en\\\/#organization\",\"name\":\"Muzeum \u015al\u0105ska Wroc\u0142aw\",\"alternateName\":\"MSW\",\"url\":\"https:\\\/\\\/muzeumslaskwroclaw.pl\\\/en\\\/\",\"logo\":{\"@type\":\"ImageObject\",\"inLanguage\":\"en-US\",\"@id\":\"https:\\\/\\\/muzeumslaskwroclaw.pl\\\/en\\\/#\\\/schema\\\/logo\\\/image\\\/\",\"url\":\"https:\\\/\\\/muzeumslaskwroclaw.pl\\\/wp-content\\\/uploads\\\/2023\\\/04\\\/favicon-msw.svg\",\"contentUrl\":\"https:\\\/\\\/muzeumslaskwroclaw.pl\\\/wp-content\\\/uploads\\\/2023\\\/04\\\/favicon-msw.svg\",\"width\":512,\"height\":512,\"caption\":\"Muzeum \u015al\u0105ska Wroc\u0142aw\"},\"image\":{\"@id\":\"https:\\\/\\\/muzeumslaskwroclaw.pl\\\/en\\\/#\\\/schema\\\/logo\\\/image\\\/\"}}]}<\/script>\n<!-- \/ Yoast SEO plugin. -->","yoast_head_json":{"title":"Polityka cookies muzeum - Muzeum \u015al\u0105ska Wroc\u0142aw","robots":{"index":"index","follow":"follow","max-snippet":"max-snippet:-1","max-image-preview":"max-image-preview:large","max-video-preview":"max-video-preview:-1"},"canonical":"https:\/\/muzeumslaskwroclaw.pl\/en\/polityka-cookies-muzeum\/","og_locale":"en_US","og_type":"article","og_title":"Polityka cookies muzeum - Muzeum \u015al\u0105ska Wroc\u0142aw","og_description":"COOKIES I INNE TECHNOLOGIE \u015aLEDZ\u0104CE Niezb\u0119dne pliki cookies \u2500 pliki cookies niezb\u0119dne do funkcjonowania strony www, umo\u017cliwiaj\u0105ce korzystanie z us\u0142ug dost\u0119pnych w ramach strony www. Nazwa Opis Okres przechowywania Dostawca cookie CookieLawInfoConsent CookieYes ustawia ten plik cookie do przechowywania zgody u\u017cytkownika. 1 rok CookieYes cookielawinfo- checkbox- marketingowe CookieYes ustawia ten plik cookieprzechowywania u\u017cytkownika nacookie w...","og_url":"https:\/\/muzeumslaskwroclaw.pl\/en\/polityka-cookies-muzeum\/","og_site_name":"Muzeum \u015al\u0105ska Wroc\u0142aw","article_modified_time":"2023-08-24T10:37:48+00:00","twitter_card":"summary_large_image","twitter_misc":{"Est. reading time":"6 minutes"},"schema":{"@context":"https:\/\/schema.org","@graph":[{"@type":"WebPage","@id":"https:\/\/muzeumslaskwroclaw.pl\/en\/polityka-cookies-muzeum\/","url":"https:\/\/muzeumslaskwroclaw.pl\/en\/polityka-cookies-muzeum\/","name":"Polityka cookies muzeum - Muzeum \u015al\u0105ska Wroc\u0142aw","isPartOf":{"@id":"https:\/\/muzeumslaskwroclaw.pl\/en\/#website"},"datePublished":"2023-08-22T15:30:58+00:00","dateModified":"2023-08-24T10:37:48+00:00","breadcrumb":{"@id":"https:\/\/muzeumslaskwroclaw.pl\/en\/polityka-cookies-muzeum\/#breadcrumb"},"inLanguage":"en-US","potentialAction":[{"@type":"ReadAction","target":["https:\/\/muzeumslaskwroclaw.pl\/en\/polityka-cookies-muzeum\/"]}]},{"@type":"BreadcrumbList","@id":"https:\/\/muzeumslaskwroclaw.pl\/en\/polityka-cookies-muzeum\/#breadcrumb","itemListElement":[{"@type":"ListItem","position":1,"name":"Home","item":"https:\/\/muzeumslaskwroclaw.pl\/en\/"},{"@type":"ListItem","position":2,"name":"Polityka cookies muzeum"}]},{"@type":"WebSite","@id":"https:\/\/muzeumslaskwroclaw.pl\/en\/#website","url":"https:\/\/muzeumslaskwroclaw.pl\/en\/","name":"Muzeum \u015al\u0105ska Wroc\u0142aw","description":"Poznaj histori\u0119 Wojskowego Klubu Sportowego","publisher":{"@id":"https:\/\/muzeumslaskwroclaw.pl\/en\/#organization"},"alternateName":"MSW","potentialAction":[{"@type":"SearchAction","target":{"@type":"EntryPoint","urlTemplate":"https:\/\/muzeumslaskwroclaw.pl\/en\/?s={search_term_string}"},"query-input":{"@type":"PropertyValueSpecification","valueRequired":true,"valueName":"search_term_string"}}],"inLanguage":"en-US"},{"@type":"Organization","@id":"https:\/\/muzeumslaskwroclaw.pl\/en\/#organization","name":"Muzeum \u015al\u0105ska Wroc\u0142aw","alternateName":"MSW","url":"https:\/\/muzeumslaskwroclaw.pl\/en\/","logo":{"@type":"ImageObject","inLanguage":"en-US","@id":"https:\/\/muzeumslaskwroclaw.pl\/en\/#\/schema\/logo\/image\/","url":"https:\/\/muzeumslaskwroclaw.pl\/wp-content\/uploads\/2023\/04\/favicon-msw.svg","contentUrl":"https:\/\/muzeumslaskwroclaw.pl\/wp-content\/uploads\/2023\/04\/favicon-msw.svg","width":512,"height":512,"caption":"Muzeum \u015al\u0105ska Wroc\u0142aw"},"image":{"@id":"https:\/\/muzeumslaskwroclaw.pl\/en\/#\/schema\/logo\/image\/"}}]}},"_links":{"self":[{"href":"https:\/\/muzeumslaskwroclaw.pl\/en\/wp-json\/wp\/v2\/pages\/546","targetHints":{"allow":["GET"]}}],"collection":[{"href":"https:\/\/muzeumslaskwroclaw.pl\/en\/wp-json\/wp\/v2\/pages"}],"about":[{"href":"https:\/\/muzeumslaskwroclaw.pl\/en\/wp-json\/wp\/v2\/types\/page"}],"author":[{"embeddable":true,"href":"https:\/\/muzeumslaskwroclaw.pl\/en\/wp-json\/wp\/v2\/users\/1"}],"replies":[{"embeddable":true,"href":"https:\/\/muzeumslaskwroclaw.pl\/en\/wp-json\/wp\/v2\/comments?post=546"}],"version-history":[{"count":2,"href":"https:\/\/muzeumslaskwroclaw.pl\/en\/wp-json\/wp\/v2\/pages\/546\/revisions"}],"predecessor-version":[{"id":632,"href":"https:\/\/muzeumslaskwroclaw.pl\/en\/wp-json\/wp\/v2\/pages\/546\/revisions\/632"}],"wp:attachment":[{"href":"https:\/\/muzeumslaskwroclaw.pl\/en\/wp-json\/wp\/v2\/media?parent=546"}],"curies":[{"name":"wp","href":"https:\/\/api.w.org\/{rel}","templated":true}]}}