{"id":544,"date":"2023-04-03T09:48:36","date_gmt":"2023-04-03T07:48:36","guid":{"rendered":"https:\/\/muzeumslaskwroclaw.pl\/deklaracja-dostepnosci\/"},"modified":"2023-08-22T21:52:01","modified_gmt":"2023-08-22T19:52:01","slug":"deklaracja-dostepnosci","status":"publish","type":"page","link":"https:\/\/muzeumslaskwroclaw.pl\/en\/deklaracja-dostepnosci\/","title":{"rendered":"Deklaracja dost\u0119pno\u015bci"},"content":{"rendered":"\n<h1 class=\"wp-block-heading\">Deklaracja Dost\u0119pno\u015bci<\/h1>\n\n\n\n<h2 class=\"wp-block-heading\">Stan dost\u0119pno\u015bci cyfrowej<\/h2>\n\n\n\n<p><strong>Strona internetowa jest zgodna z ustaw\u0105 z dnia 4 kwietnia 2019 r. o dost\u0119pno\u015bci cyfrowej stron internetowych i aplikacji mobilnych podmiot\u00f3w publicznych w zakresie wymaganym ustaw\u0105, tj:<\/strong><\/p>\n\n\n\n<ol class=\"wp-block-list\">\n<li>strony podmiotowej Biuletynu Informacji Publicznej;<\/li>\n\n\n\n<li>poni\u017cszych element\u00f3w strony internetowej\n<ul class=\"wp-block-list\">\n<li>danych teleadresowych podmiotu publicznego oraz linku do strony podmiotowej Biuletynu Informacji Publicznej podmiotu publicznego,<\/li>\n\n\n\n<li>narz\u0119dzi s\u0142u\u017c\u0105cych do kontaktu z podmiotem publicznym,<\/li>\n\n\n\n<li>nawigacji,<\/li>\n\n\n\n<li>deklaracji dost\u0119pno\u015bci strony internetowej lub aplikacji mobilnej podmiotu publicznego, zwanej dalej \u201edeklaracj\u0105 dost\u0119pno\u015bci\u201d.<\/li>\n<\/ul>\n<\/li>\n<\/ol>\n\n\n\n<p><strong>Zgodnie z wytycznymi w\/w ustawy z dnia 4 kwietnia 2019 strona internetowa jest:<\/strong><\/p>\n\n\n\n<ul class=\"wp-block-list\">\n<li>w pe\u0142ni zgodna pod wzgl\u0119dem technicznym,<\/li>\n\n\n\n<li>cz\u0119\u015bciowo zgodna pod wzgl\u0119dem tre\u015bci na niej zawartej:\n<ul class=\"wp-block-list\">\n<li>cz\u0119\u015b\u0107 obraz\u00f3w nie posiada tekstu alternatywnego<\/li>\n\n\n\n<li>pliki PDF, DOC itp. \u2013 redaktorzy staraj\u0105 si\u0119 ograniczy\u0107 do minimum korzystanie z takich plik\u00f3w i osadza\u0107 teksty bezpo\u015brednio w serwisie. Odr\u0119bn\u0105 kwesti\u0105 jest poprawne formatowanie plik\u00f3w tak, by by\u0142y one dost\u0119pne (np. powinny posiada\u0107 struktur\u0119 znacznik\u00f3w, czyli tagowanie);<\/li>\n\n\n\n<li>serwis zawiera dokumenty PDF, kt\u00f3re powsta\u0142y na podstawie \u017ale przygotowanych dokument\u00f3w word (nie ma w nich dobrze zaznaczonej logicznej struktury) \u2013 lub s\u0105 skanami dokument\u00f3w. W miar\u0119 mo\u017cliwo\u015bci b\u0119dziemy to poprawia\u0107 oraz dok\u0142ada\u0107 stara\u0144, by nowe dokumenty przygotowywane by\u0142y poprawnie;<\/li>\n\n\n\n<li>nieczytelne przez czytniki ekranu dokumenty PDF u\u017cytkownicy mog\u0105 rozpozna\u0107 narz\u0119dziem OCR<\/li>\n<\/ul>\n<\/li>\n<\/ul>\n\n\n\n<p>Ze strony internetowej mo\u017cna korzysta\u0107 przy pomocy klawisza TAB, strza\u0142ek<\/p>\n\n\n\n<h2 class=\"wp-block-heading\">Przygotowanie deklaracji dost\u0119pno\u015bci<\/h2>\n\n\n\n<p>Data sporz\u0105dzenia deklaracji: 2023-08-11<\/p>\n\n\n\n<p>Deklaracj\u0119 sporz\u0105dzono na podstawie samooceny przeprowadzonej przez podmiot publiczny.<\/p>\n\n\n\n<p>Data ostatniego przegl\u0105du deklaracji: 2023-08-11<\/p>\n\n\n\n<h2 class=\"wp-block-heading\">Udogodnienia i skr\u00f3ty klawiaturowe<\/h2>\n\n\n\n<ul class=\"wp-block-list\">\n<li>Kontrast dla dost\u0119pno\u015bci,<\/li>\n\n\n\n<li>Strona internetowa posiada mechanizmy sterowania za pomoc\u0105 klawiatury,<\/li>\n\n\n\n<li>Mo\u017cliwo\u015b\u0107 skoku do etykiety \u201etre\u015b\u0107\u201d, \u201emenu g\u0142\u00f3wne\u201d, \u201ewyszukiwarka\u201d, \u201emapa strony\u201d przewini\u0119cie informacji do wskazanej sekcji za pomoc\u0105 mechanizmu sterowania klawiatur\u0105,<\/li>\n\n\n\n<li>Strona internetowa skaluje si\u0119 do szeroko\u015bci okna wy\u015bwietlacza,<\/li>\n\n\n\n<li>Alternatywna wersja kolorystyczna ze specjalnym kontrastem dla os\u00f3b s\u0142abowidz\u0105cych,<\/li>\n\n\n\n<li>Mo\u017cliwo\u015b\u0107 zmiany wielko\u015bci czcionki,<\/li>\n\n\n\n<li>Obecno\u015b\u0107 widocznego focusa podczas sterowania klawiatur\u0105,<\/li>\n\n\n\n<li>Strona internetowa skaluje si\u0119 do szeroko\u015bci okna wy\u015bwietlacza,<\/li>\n\n\n\n<li>Elementy statyczne strony internetowej posiadaj\u0105 natywnie odpowiedni kontrast,<\/li>\n\n\n\n<li>Alternatywna wersja kolorystyczna ze specjalnym kontrastem dla os\u00f3b s\u0142abowidz\u0105cych,<\/li>\n\n\n\n<li>Mo\u017cliwo\u015b\u0107 zmiany wielko\u015bci czcionki.<\/li>\n<\/ul>\n\n\n\n<h2 class=\"wp-block-heading\">Informacje zwrotne i dane kontaktowe<\/h2>\n\n\n\n<p>Na tej stronie internetowej s\u0105 problemy, kt\u00f3re wynikaj\u0105 z niespe\u0142nienia wymog\u00f3w dost\u0119pno\u015bci cyfrowej? Zg\u0142o\u015b to mailowo<br>\u2013 <a href=\"mailto:biuro@stadionwroclaw.pl\" target=\"_blank\" rel=\"noreferrer noopener\">biuro@stadionwroclaw.pl<\/a> lub telefonicznie \u2013 <a href=\"tel:+48 71 77 68 000\">+48 71 77 68 000<\/a><\/p>\n\n\n\n\n\n\n\n<p><strong>W zg\u0142oszeniu podaj:<\/strong><\/p>\n\n\n\n<ul class=\"wp-block-list\">\n<li>swoje imi\u0119 i nazwisko,<\/li>\n\n\n\n<li>swoje dane kontaktowe (np. numer telefonu, e-mail),<\/li>\n\n\n\n<li>dok\u0142adny adres strony internetowej, na kt\u00f3rej jest niedost\u0119pny element lub tre\u015b\u0107,<\/li>\n\n\n\n<li>opis na czym polega problem i jaki spos\u00f3b jego rozwi\u0105zania by\u0142by dla Ciebie najwygodniejszy.<\/li>\n<\/ul>\n\n\n\n<h2 class=\"wp-block-heading\">Obs\u0142uga wniosk\u00f3w i skarg zwi\u0105zanych z dost\u0119pno\u015bci\u0105<\/h2>\n\n\n\n<p>Na Twoje zg\u0142oszenie odpowiemy najszybciej jak to mo\u017cliwe, nie p\u00f3\u017aniej ni\u017c w ci\u0105gu 7 dni od jego otrzymania.<\/p>\n\n\n\n<p>Je\u017celi ten termin b\u0119dzie dla nas zbyt kr\u00f3tki poinformujemy Ci\u0119 o tym. W tej informacji podamy nowy termin, do kt\u00f3rego poprawimy zg\u0142oszone przez Ciebie b\u0142\u0119dy lub przygotujemy informacje w alternatywny spos\u00f3b. Ten nowy termin nie b\u0119dzie d\u0142u\u017cszy ni\u017c 2 miesi\u0105ce.<\/p>\n\n\n\n<p>Je\u017celi nie b\u0119dziemy w stanie zapewni\u0107 dost\u0119pno\u015bci cyfrowej strony internetowej lub tre\u015bci, z Twojego zg\u0142oszeniu, zaproponujemy Ci dost\u0119p do nich w alternatywny spos\u00f3b.<\/p>\n\n\n\n<p>Je\u017celi nasze dzia\u0142ania nie b\u0119d\u0105 dla Ciebie zadowalaj\u0105ce, mo\u017cesz zg\u0142osi\u0107 skarg\u0119 do Dolno\u015bl\u0105skiego Urz\u0119du Wojew\u00f3dzkiego. Je\u017celi nadal b\u0119dziesz mie\u0107 uwagi do naszych dzia\u0142a\u0144 zwi\u0105zane z dost\u0119pno\u015bci\u0105 cyfrow\u0105 mo\u017cesz zg\u0142osi\u0107 je do Rzecznika Praw Obywatelskich.<\/p>\n\n\n\n<h2 class=\"wp-block-heading\">Dost\u0119pno\u015b\u0107 architektoniczna<\/h2>\n\n\n\n<p>Tarczy\u0144ski Arena Wroc\u0142aw, Al. \u015al\u0105ska 1, 54-118 Wroc\u0142aw<\/p>\n\n\n\n<ol class=\"wp-block-list\">\n<li>Obiekt budowlany wraz ze zwi\u0105zanymi z nim urz\u0105dzeniami budowlanymi zosta\u0142 zaprojektowany w spos\u00f3b, kt\u00f3ry umo\u017cliwia korzystanie z obiektu przez osoby niepe\u0142nosprawne, zgodnie z wymogami zawartymi w przepisach, w tym techniczno-budowlanych, oraz zgodnie z zasadami wiedzy technicznej.<\/li>\n\n\n\n<li>Do budynku prowadzi 6 wej\u015b\u0107 zlokalizowanych na poziomie 0 oraz 26 wej\u015b\u0107 na poziomie 1. Wej\u015bcia dost\u0119pne s\u0105 dla os\u00f3b niepe\u0142nosprawnych.<\/li>\n\n\n\n<li>Trybuny wyposa\u017cone s\u0105 w 102 stanowiska dla os\u00f3b poruszaj\u0105cych si\u0119 na w\u00f3zku, do kt\u00f3rych prowadzi komunikacja pozioma z dost\u0119pem do wind i toalet przystosowanych dla os\u00f3b niepe\u0142nosprawnych (8 toalet zlokalizowanych na poziomie 1).<\/li>\n\n\n\n<li>Nachylenie esplanady prowadz\u0105cej z terenu do wej\u015b\u0107 g\u0142\u00f3wnych stadionu ma nachylenie 4,2 \u2013 4,8%, co umo\u017cliwia jej u\u017cytkowanie przez osoby niepe\u0142nosprawne.<\/li>\n\n\n\n<li>Miejsca parkingowe dla os\u00f3b niepe\u0142nosprawnych znajduj\u0105 si\u0119 pod platform\u0105 otaczaj\u0105c\u0105 stadion, w bezpo\u015brednim s\u0105siedztwie w\u0119z\u0142\u00f3w sanitarnych i komunikacyjnych (windy, wyj\u015bcia na zewn\u0105trz). Na terenie obiektu znajduj\u0105 si\u0119 42 miejsca parkingowe przeznaczone dla os\u00f3b z niepe\u0142nosprawno\u015bciami.<\/li>\n\n\n\n<li>W budynku nie ma p\u0119tli indukcyjnych.<\/li>\n<\/ol>\n","protected":false},"excerpt":{"rendered":"<p>Deklaracja Dost\u0119pno\u015bci Stan dost\u0119pno\u015bci cyfrowej Strona internetowa jest zgodna z ustaw\u0105 z dnia 4 kwietnia 2019 r. o dost\u0119pno\u015bci cyfrowej stron internetowych i aplikacji mobilnych podmiot\u00f3w publicznych w zakresie wymaganym ustaw\u0105, tj: Zgodnie z wytycznymi w\/w ustawy z dnia 4 kwietnia 2019 strona internetowa jest: Ze strony internetowej mo\u017cna korzysta\u0107 przy pomocy klawisza TAB, strza\u0142ek&#8230;<\/p>\n","protected":false},"author":1,"featured_media":0,"parent":0,"menu_order":0,"comment_status":"closed","ping_status":"closed","template":"","meta":{"_eb_attr":"","inline_featured_image":false,"footnotes":""},"class_list":["post-544","page","type-page","status-publish","hentry"],"yoast_head":"<!-- This site is optimized with the Yoast SEO plugin v27.4 - https:\/\/yoast.com\/product\/yoast-seo-wordpress\/ -->\n<title>Deklaracja dost\u0119pno\u015bci - Muzeum \u015al\u0105ska Wroc\u0142aw<\/title>\n<meta name=\"robots\" content=\"index, follow, max-snippet:-1, max-image-preview:large, max-video-preview:-1\" \/>\n<link rel=\"canonical\" href=\"https:\/\/muzeumslaskwroclaw.pl\/en\/deklaracja-dostepnosci\/\" \/>\n<meta property=\"og:locale\" content=\"en_US\" \/>\n<meta property=\"og:type\" content=\"article\" \/>\n<meta property=\"og:title\" content=\"Deklaracja dost\u0119pno\u015bci - Muzeum \u015al\u0105ska Wroc\u0142aw\" \/>\n<meta property=\"og:description\" content=\"Deklaracja Dost\u0119pno\u015bci Stan dost\u0119pno\u015bci cyfrowej Strona internetowa jest zgodna z ustaw\u0105 z dnia 4 kwietnia 2019 r. o dost\u0119pno\u015bci cyfrowej stron internetowych i aplikacji mobilnych podmiot\u00f3w publicznych w zakresie wymaganym ustaw\u0105, tj: Zgodnie z wytycznymi w\/w ustawy z dnia 4 kwietnia 2019 strona internetowa jest: Ze strony internetowej mo\u017cna korzysta\u0107 przy pomocy klawisza TAB, strza\u0142ek...\" \/>\n<meta property=\"og:url\" content=\"https:\/\/muzeumslaskwroclaw.pl\/en\/deklaracja-dostepnosci\/\" \/>\n<meta property=\"og:site_name\" content=\"Muzeum \u015al\u0105ska Wroc\u0142aw\" \/>\n<meta property=\"article:modified_time\" content=\"2023-08-22T19:52:01+00:00\" \/>\n<meta name=\"twitter:card\" content=\"summary_large_image\" \/>\n<meta name=\"twitter:label1\" content=\"Est. reading time\" \/>\n\t<meta name=\"twitter:data1\" content=\"4 minutes\" \/>\n<script type=\"application\/ld+json\" class=\"yoast-schema-graph\">{\"@context\":\"https:\\\/\\\/schema.org\",\"@graph\":[{\"@type\":\"WebPage\",\"@id\":\"https:\\\/\\\/muzeumslaskwroclaw.pl\\\/en\\\/deklaracja-dostepnosci\\\/\",\"url\":\"https:\\\/\\\/muzeumslaskwroclaw.pl\\\/en\\\/deklaracja-dostepnosci\\\/\",\"name\":\"Deklaracja dost\u0119pno\u015bci - Muzeum \u015al\u0105ska Wroc\u0142aw\",\"isPartOf\":{\"@id\":\"https:\\\/\\\/muzeumslaskwroclaw.pl\\\/en\\\/#website\"},\"datePublished\":\"2023-04-03T07:48:36+00:00\",\"dateModified\":\"2023-08-22T19:52:01+00:00\",\"breadcrumb\":{\"@id\":\"https:\\\/\\\/muzeumslaskwroclaw.pl\\\/en\\\/deklaracja-dostepnosci\\\/#breadcrumb\"},\"inLanguage\":\"en-US\",\"potentialAction\":[{\"@type\":\"ReadAction\",\"target\":[\"https:\\\/\\\/muzeumslaskwroclaw.pl\\\/en\\\/deklaracja-dostepnosci\\\/\"]}]},{\"@type\":\"BreadcrumbList\",\"@id\":\"https:\\\/\\\/muzeumslaskwroclaw.pl\\\/en\\\/deklaracja-dostepnosci\\\/#breadcrumb\",\"itemListElement\":[{\"@type\":\"ListItem\",\"position\":1,\"name\":\"Home\",\"item\":\"https:\\\/\\\/muzeumslaskwroclaw.pl\\\/en\\\/\"},{\"@type\":\"ListItem\",\"position\":2,\"name\":\"Deklaracja dost\u0119pno\u015bci\"}]},{\"@type\":\"WebSite\",\"@id\":\"https:\\\/\\\/muzeumslaskwroclaw.pl\\\/en\\\/#website\",\"url\":\"https:\\\/\\\/muzeumslaskwroclaw.pl\\\/en\\\/\",\"name\":\"Muzeum \u015al\u0105ska Wroc\u0142aw\",\"description\":\"Poznaj histori\u0119 Wojskowego Klubu Sportowego\",\"publisher\":{\"@id\":\"https:\\\/\\\/muzeumslaskwroclaw.pl\\\/en\\\/#organization\"},\"alternateName\":\"MSW\",\"potentialAction\":[{\"@type\":\"SearchAction\",\"target\":{\"@type\":\"EntryPoint\",\"urlTemplate\":\"https:\\\/\\\/muzeumslaskwroclaw.pl\\\/en\\\/?s={search_term_string}\"},\"query-input\":{\"@type\":\"PropertyValueSpecification\",\"valueRequired\":true,\"valueName\":\"search_term_string\"}}],\"inLanguage\":\"en-US\"},{\"@type\":\"Organization\",\"@id\":\"https:\\\/\\\/muzeumslaskwroclaw.pl\\\/en\\\/#organization\",\"name\":\"Muzeum \u015al\u0105ska Wroc\u0142aw\",\"alternateName\":\"MSW\",\"url\":\"https:\\\/\\\/muzeumslaskwroclaw.pl\\\/en\\\/\",\"logo\":{\"@type\":\"ImageObject\",\"inLanguage\":\"en-US\",\"@id\":\"https:\\\/\\\/muzeumslaskwroclaw.pl\\\/en\\\/#\\\/schema\\\/logo\\\/image\\\/\",\"url\":\"https:\\\/\\\/muzeumslaskwroclaw.pl\\\/wp-content\\\/uploads\\\/2023\\\/04\\\/favicon-msw.svg\",\"contentUrl\":\"https:\\\/\\\/muzeumslaskwroclaw.pl\\\/wp-content\\\/uploads\\\/2023\\\/04\\\/favicon-msw.svg\",\"width\":512,\"height\":512,\"caption\":\"Muzeum \u015al\u0105ska Wroc\u0142aw\"},\"image\":{\"@id\":\"https:\\\/\\\/muzeumslaskwroclaw.pl\\\/en\\\/#\\\/schema\\\/logo\\\/image\\\/\"}}]}<\/script>\n<!-- \/ Yoast SEO plugin. -->","yoast_head_json":{"title":"Deklaracja dost\u0119pno\u015bci - Muzeum \u015al\u0105ska Wroc\u0142aw","robots":{"index":"index","follow":"follow","max-snippet":"max-snippet:-1","max-image-preview":"max-image-preview:large","max-video-preview":"max-video-preview:-1"},"canonical":"https:\/\/muzeumslaskwroclaw.pl\/en\/deklaracja-dostepnosci\/","og_locale":"en_US","og_type":"article","og_title":"Deklaracja dost\u0119pno\u015bci - Muzeum \u015al\u0105ska Wroc\u0142aw","og_description":"Deklaracja Dost\u0119pno\u015bci Stan dost\u0119pno\u015bci cyfrowej Strona internetowa jest zgodna z ustaw\u0105 z dnia 4 kwietnia 2019 r. o dost\u0119pno\u015bci cyfrowej stron internetowych i aplikacji mobilnych podmiot\u00f3w publicznych w zakresie wymaganym ustaw\u0105, tj: Zgodnie z wytycznymi w\/w ustawy z dnia 4 kwietnia 2019 strona internetowa jest: Ze strony internetowej mo\u017cna korzysta\u0107 przy pomocy klawisza TAB, strza\u0142ek...","og_url":"https:\/\/muzeumslaskwroclaw.pl\/en\/deklaracja-dostepnosci\/","og_site_name":"Muzeum \u015al\u0105ska Wroc\u0142aw","article_modified_time":"2023-08-22T19:52:01+00:00","twitter_card":"summary_large_image","twitter_misc":{"Est. reading time":"4 minutes"},"schema":{"@context":"https:\/\/schema.org","@graph":[{"@type":"WebPage","@id":"https:\/\/muzeumslaskwroclaw.pl\/en\/deklaracja-dostepnosci\/","url":"https:\/\/muzeumslaskwroclaw.pl\/en\/deklaracja-dostepnosci\/","name":"Deklaracja dost\u0119pno\u015bci - Muzeum \u015al\u0105ska Wroc\u0142aw","isPartOf":{"@id":"https:\/\/muzeumslaskwroclaw.pl\/en\/#website"},"datePublished":"2023-04-03T07:48:36+00:00","dateModified":"2023-08-22T19:52:01+00:00","breadcrumb":{"@id":"https:\/\/muzeumslaskwroclaw.pl\/en\/deklaracja-dostepnosci\/#breadcrumb"},"inLanguage":"en-US","potentialAction":[{"@type":"ReadAction","target":["https:\/\/muzeumslaskwroclaw.pl\/en\/deklaracja-dostepnosci\/"]}]},{"@type":"BreadcrumbList","@id":"https:\/\/muzeumslaskwroclaw.pl\/en\/deklaracja-dostepnosci\/#breadcrumb","itemListElement":[{"@type":"ListItem","position":1,"name":"Home","item":"https:\/\/muzeumslaskwroclaw.pl\/en\/"},{"@type":"ListItem","position":2,"name":"Deklaracja dost\u0119pno\u015bci"}]},{"@type":"WebSite","@id":"https:\/\/muzeumslaskwroclaw.pl\/en\/#website","url":"https:\/\/muzeumslaskwroclaw.pl\/en\/","name":"Muzeum \u015al\u0105ska Wroc\u0142aw","description":"Poznaj histori\u0119 Wojskowego Klubu Sportowego","publisher":{"@id":"https:\/\/muzeumslaskwroclaw.pl\/en\/#organization"},"alternateName":"MSW","potentialAction":[{"@type":"SearchAction","target":{"@type":"EntryPoint","urlTemplate":"https:\/\/muzeumslaskwroclaw.pl\/en\/?s={search_term_string}"},"query-input":{"@type":"PropertyValueSpecification","valueRequired":true,"valueName":"search_term_string"}}],"inLanguage":"en-US"},{"@type":"Organization","@id":"https:\/\/muzeumslaskwroclaw.pl\/en\/#organization","name":"Muzeum \u015al\u0105ska Wroc\u0142aw","alternateName":"MSW","url":"https:\/\/muzeumslaskwroclaw.pl\/en\/","logo":{"@type":"ImageObject","inLanguage":"en-US","@id":"https:\/\/muzeumslaskwroclaw.pl\/en\/#\/schema\/logo\/image\/","url":"https:\/\/muzeumslaskwroclaw.pl\/wp-content\/uploads\/2023\/04\/favicon-msw.svg","contentUrl":"https:\/\/muzeumslaskwroclaw.pl\/wp-content\/uploads\/2023\/04\/favicon-msw.svg","width":512,"height":512,"caption":"Muzeum \u015al\u0105ska Wroc\u0142aw"},"image":{"@id":"https:\/\/muzeumslaskwroclaw.pl\/en\/#\/schema\/logo\/image\/"}}]}},"_links":{"self":[{"href":"https:\/\/muzeumslaskwroclaw.pl\/en\/wp-json\/wp\/v2\/pages\/544","targetHints":{"allow":["GET"]}}],"collection":[{"href":"https:\/\/muzeumslaskwroclaw.pl\/en\/wp-json\/wp\/v2\/pages"}],"about":[{"href":"https:\/\/muzeumslaskwroclaw.pl\/en\/wp-json\/wp\/v2\/types\/page"}],"author":[{"embeddable":true,"href":"https:\/\/muzeumslaskwroclaw.pl\/en\/wp-json\/wp\/v2\/users\/1"}],"replies":[{"embeddable":true,"href":"https:\/\/muzeumslaskwroclaw.pl\/en\/wp-json\/wp\/v2\/comments?post=544"}],"version-history":[{"count":1,"href":"https:\/\/muzeumslaskwroclaw.pl\/en\/wp-json\/wp\/v2\/pages\/544\/revisions"}],"predecessor-version":[{"id":548,"href":"https:\/\/muzeumslaskwroclaw.pl\/en\/wp-json\/wp\/v2\/pages\/544\/revisions\/548"}],"wp:attachment":[{"href":"https:\/\/muzeumslaskwroclaw.pl\/en\/wp-json\/wp\/v2\/media?parent=544"}],"curies":[{"name":"wp","href":"https:\/\/api.w.org\/{rel}","templated":true}]}}