{"id":534,"date":"2023-06-16T12:16:11","date_gmt":"2023-06-16T10:16:11","guid":{"rendered":"https:\/\/muzeumslaskwroclaw.pl\/krotka-historia-wks\/"},"modified":"2023-08-24T12:37:24","modified_gmt":"2023-08-24T10:37:24","slug":"wks-history","status":"publish","type":"page","link":"https:\/\/muzeumslaskwroclaw.pl\/en\/wks-history\/","title":{"rendered":"WKS History"},"content":{"rendered":"\n<div id=\"start-content\" class=\"wp-block-group history-timelapse is-layout-flow wp-block-group-is-layout-flow\">\n<div class=\"wp-block-essential-blocks-row alignfull\"><div class=\"eb-parent-wrapper eb-parent-eb-row-eur1wgi \"><div class=\"eb-row-root-container eb-row-eur1wgi\" data-id=\"eb-row-eur1wgi\"><div class=\"eb-row-wrapper\"><div class=\"eb-row-inner\">\n<div class=\"eb-parent-wrapper eb-parent-eb-column-w96ukg5  wp-block-essential-blocks-column\"><div class=\"eb-column-wrapper eb-column-w96ukg5\"><div class=\"eb-column-inner\">\n<p class=\"has-xx-large-font-size\"><strong>1947<\/strong><\/p>\n<\/div><\/div><\/div>\n\n\n\n<div class=\"eb-parent-wrapper eb-parent-eb-column-wm3jtdf  wp-block-essential-blocks-column\"><div class=\"eb-column-wrapper eb-column-wm3jtdf\"><div class=\"eb-column-inner\">\n<p>It is officially accepted that 1947 was the year WKS was founded, although its origins go back a few years earlier, and the process of forming the club as we understand it today was completed 10 years later. The progenitors of Lower Silesia&#8217;s leading club are teams from two soldier schools: WKS Pionier formed at the Military Academy of Sappers and WKS Podchor\u0105\u017cak at the Military Academy of Infantry. The two clubs were merged in April 1949 to form Legia Wroc\u0142aw, which was renamed the Central Military Sports Club (Centralny Klub Sportowy \u2013 CWKS) the following year, soon to become the District Military Sports Club (Okr\u0119gowy Wojskowy Klub Sportowy \u2013 OWKS), and then became a subsidiary of CWKS Warsaw. The name \u201c\u015al\u0105sk\u201d appeared in the summer of 1957 with the transformation of the whole organisation into a civil-military club. WKS was also granted legal personality at that time.<\/p>\n<\/div><\/div><\/div>\n\n\n\n<div class=\"eb-parent-wrapper eb-parent-eb-column-vgsvf6s  wp-block-essential-blocks-column\"><div class=\"eb-column-wrapper eb-column-vgsvf6s\"><div class=\"eb-column-inner\">\n<figure class=\"wp-block-image aligncenter size-large is-resized\"><img loading=\"lazy\" decoding=\"async\" src=\"https:\/\/muzeumslaskwroclaw.pl\/wp-content\/uploads\/2023\/06\/arrow-bottom-outline.svg\" alt=\"czas\" class=\"wp-image-383\" style=\"width:133px;height:98px\" width=\"133\" height=\"98\"\/><\/figure>\n<\/div><\/div><\/div>\n<\/div><\/div><\/div><\/div><\/div>\n\n\n\n<div class=\"wp-block-essential-blocks-row alignfull\"><div class=\"eb-parent-wrapper eb-parent-eb-row-dk9yg2g \"><div class=\"eb-row-root-container eb-row-dk9yg2g\" data-id=\"eb-row-dk9yg2g\"><div class=\"eb-row-wrapper\"><div class=\"eb-row-inner\">\n<div class=\"eb-parent-wrapper eb-parent-eb-column-6xtuul3  wp-block-essential-blocks-column\"><div class=\"eb-column-wrapper eb-column-6xtuul3\"><div class=\"eb-column-inner\">\n<p class=\"has-xx-large-font-size\"><strong>1957<\/strong><\/p>\n<\/div><\/div><\/div>\n\n\n\n<div class=\"eb-parent-wrapper eb-parent-eb-column-w5gpy68  wp-block-essential-blocks-column\"><div class=\"eb-column-wrapper eb-column-w5gpy68\"><div class=\"eb-column-inner\">\n<p>WKS Pionier appeared in Wroca\u0142w as early as August 1946, when the academy of sappers established in Przemy\u015bl in October 1944 was relocated to Wroc\u0142aw. Pioneer athletes who moved to the city located on the Oder River brought rowing boats and boasted footballers, boxers, athletes, hockey players, shooters and a sports games section. They were soon joined by canoeists, swimmers, gymnasts and fencers. The first section was football. In the autumn of 1947, Pionier joined the Lower Silesian A-League. This fact is considered to be the founding moment of the club, which 10 years later adopted the name Sl\u0105sk. The historic football match was played on 5 October 1947, and the venue for the game against Promie\u0144 \u017bary was the AZS pitch in Zalesie. WKS won 2:1 Following the football players, representatives from other sections also entered the district championships.<\/p>\n<\/div><\/div><\/div>\n\n\n\n<div class=\"eb-parent-wrapper eb-parent-eb-column-2os582f  wp-block-essential-blocks-column\"><div class=\"eb-column-wrapper eb-column-2os582f\"><div class=\"eb-column-inner\">\n<figure class=\"wp-block-image aligncenter size-large is-resized\"><img loading=\"lazy\" decoding=\"async\" src=\"https:\/\/muzeumslaskwroclaw.pl\/wp-content\/uploads\/2023\/06\/arrow-bottom-fill.svg\" alt=\"czas\" class=\"wp-image-384\" style=\"width:133px;height:98px\" width=\"133\" height=\"98\"\/><\/figure>\n<\/div><\/div><\/div>\n<\/div><\/div><\/div><\/div><\/div>\n\n\n\n<div class=\"wp-block-essential-blocks-row alignfull\"><div class=\"eb-parent-wrapper eb-parent-eb-row-2u3w3d5 \"><div class=\"eb-row-root-container eb-row-2u3w3d5\" data-id=\"eb-row-2u3w3d5\"><div class=\"eb-row-wrapper\"><div class=\"eb-row-inner\">\n<div class=\"eb-parent-wrapper eb-parent-eb-column-5sjyv5o  wp-block-essential-blocks-column\"><div class=\"eb-column-wrapper eb-column-5sjyv5o\"><div class=\"eb-column-inner\">\n<p class=\"has-xx-large-font-size\"><strong>1957<\/strong><\/p>\n<\/div><\/div><\/div>\n\n\n\n<div class=\"eb-parent-wrapper eb-parent-eb-column-hyrvk1d  wp-block-essential-blocks-column\"><div class=\"eb-column-wrapper eb-column-hyrvk1d\"><div class=\"eb-column-inner\">\n<p>The watershed moment in the club&#8217;s history was 12 June 1957. On that day, WKS \u015al\u0105sk was established (it was granted legal personality on 30 July 1957). From then on, the club began hiring staff from outside the military, welcoming athletes from all over the city and training young people.<\/p>\n\n\n\n<p>WKS was steadily growing and became the most popular club in the city, taking over this title from \u015al\u0119\u017ca. This was undoubtedly thanks to sporting successes: the footballers were already competing in the top division, the basketball players were competing on an equal footing with the best teams in the country, and the handballers had just won their first Polish championship in 1957.<\/p>\n<\/div><\/div><\/div>\n\n\n\n<div class=\"eb-parent-wrapper eb-parent-eb-column-cml8hyi  wp-block-essential-blocks-column\"><div class=\"eb-column-wrapper eb-column-cml8hyi\"><div class=\"eb-column-inner\">\n<figure class=\"wp-block-image aligncenter size-large\"><img loading=\"lazy\" decoding=\"async\" width=\"177\" height=\"131\" src=\"https:\/\/muzeumslaskwroclaw.pl\/wp-content\/uploads\/2023\/06\/arrow-bottom-outline.svg\" alt=\"czas\" class=\"wp-image-383\"\/><\/figure>\n<\/div><\/div><\/div>\n<\/div><\/div><\/div><\/div><\/div>\n\n\n\n<div class=\"wp-block-essential-blocks-row alignfull\"><div class=\"eb-parent-wrapper eb-parent-eb-row-v53nbqm \"><div class=\"eb-row-root-container eb-row-v53nbqm\" data-id=\"eb-row-v53nbqm\"><div class=\"eb-row-wrapper\"><div class=\"eb-row-inner\">\n<div class=\"eb-parent-wrapper eb-parent-eb-column-fpdgiv2  wp-block-essential-blocks-column\"><div class=\"eb-column-wrapper eb-column-fpdgiv2\"><div class=\"eb-column-inner\">\n<p class=\"has-xx-large-font-size\"><strong>1960<\/strong><\/p>\n<\/div><\/div><\/div>\n\n\n\n<div class=\"eb-parent-wrapper eb-parent-eb-column-t0rlsmf  wp-block-essential-blocks-column\"><div class=\"eb-column-wrapper eb-column-t0rlsmf\"><div class=\"eb-column-inner\">\n<p>In the late 1950s and early 1960s, a stadium was built on Oporowska Street with the capacity to hold around 20,000 spectators, along with a training pitch, club building, club hotel and club caf\u00e9. In turn, the old manege on Saper\u00f3w Street was converted into a sports hall. A little later, the basketball players were able to move from a cramped room to a larger sports hall on Mieszcza\u0144ska Street.<\/p>\n<\/div><\/div><\/div>\n\n\n\n<div class=\"eb-parent-wrapper eb-parent-eb-column-ykkmhrb  wp-block-essential-blocks-column\"><div class=\"eb-column-wrapper eb-column-ykkmhrb\"><div class=\"eb-column-inner\">\n<figure class=\"wp-block-image aligncenter size-large is-resized\"><img loading=\"lazy\" decoding=\"async\" src=\"https:\/\/muzeumslaskwroclaw.pl\/wp-content\/uploads\/2023\/06\/arrow-bottom-fill.svg\" alt=\"czas\" class=\"wp-image-384\" style=\"width:133px;height:98px\" width=\"133\" height=\"98\"\/><\/figure>\n<\/div><\/div><\/div>\n<\/div><\/div><\/div><\/div><\/div>\n\n\n\n<div class=\"wp-block-essential-blocks-row alignfull\"><div class=\"eb-parent-wrapper eb-parent-eb-row-ne4susc \"><div class=\"eb-row-root-container eb-row-ne4susc\" data-id=\"eb-row-ne4susc\"><div class=\"eb-row-wrapper\"><div class=\"eb-row-inner\">\n<div class=\"eb-parent-wrapper eb-parent-eb-column-0qqfhct  wp-block-essential-blocks-column\"><div class=\"eb-column-wrapper eb-column-0qqfhct\"><div class=\"eb-column-inner\">\n<p class=\"has-xx-large-font-size\"><strong>1964<\/strong><\/p>\n<\/div><\/div><\/div>\n\n\n\n<div class=\"eb-parent-wrapper eb-parent-eb-column-sbrml9q  wp-block-essential-blocks-column\"><div class=\"eb-column-wrapper eb-column-sbrml9q\"><div class=\"eb-column-inner\">\n<p>It took several years, however, before \u015al\u0105sk was permanently recognised outside Wroc\u0142aw. After many attempts, the footballers achieved promotion to the top division only in 1964. The men&#8217;s basketball team, though always among the top teams, waited until 1965 to win a historic league triumph. Only the men&#8217;s handball team won many titles in succession, both in the 7- and 11-a-side games.<\/p>\n\n\n\n<p>The club&#8217;s debut at the Olympic Games was in 1964. In Tokyo, there were two basketball players (Mieczys\u0142aw \u0141opatka and Kazimierz Frelkiewicz), two shooters (J\u00f3zef Zap\u0119dzki and Kazimierz Kurzawski) and weightlifter Mieczys\u0142aw Nowak. The latter won the first medal for the club &#8211; a bronze. At the Olympic Games in Mexico, the club saw its first victory at a major world event. Jozef Zap\u0119dzki won the gold medal in rapid fire pistol! Another addition to the medal collection was thanks to another weightlifter, Marek Go\u0142\u0105b, who won bronze.<\/p>\n<\/div><\/div><\/div>\n\n\n\n<div class=\"eb-parent-wrapper eb-parent-eb-column-0hzzh0o  wp-block-essential-blocks-column\"><div class=\"eb-column-wrapper eb-column-0hzzh0o\"><div class=\"eb-column-inner\">\n<figure class=\"wp-block-image aligncenter size-large\"><img loading=\"lazy\" decoding=\"async\" width=\"177\" height=\"131\" src=\"https:\/\/muzeumslaskwroclaw.pl\/wp-content\/uploads\/2023\/06\/arrow-bottom-outline.svg\" alt=\"czas\" class=\"wp-image-383\"\/><\/figure>\n<\/div><\/div><\/div>\n<\/div><\/div><\/div><\/div><\/div>\n\n\n\n<div class=\"wp-block-essential-blocks-row alignfull\"><div class=\"eb-parent-wrapper eb-parent-eb-row-mx0kca1 \"><div class=\"eb-row-root-container eb-row-mx0kca1\" data-id=\"eb-row-mx0kca1\"><div class=\"eb-row-wrapper\"><div class=\"eb-row-inner\">\n<div class=\"eb-parent-wrapper eb-parent-eb-column-w42ijrb  wp-block-essential-blocks-column\"><div class=\"eb-column-wrapper eb-column-w42ijrb\"><div class=\"eb-column-inner\">\n<p class=\"has-xx-large-font-size\"><strong>1970<\/strong><\/p>\n<\/div><\/div><\/div>\n\n\n\n<div class=\"eb-parent-wrapper eb-parent-eb-column-kzj361s  wp-block-essential-blocks-column\"><div class=\"eb-column-wrapper eb-column-kzj361s\"><div class=\"eb-column-inner\">\n<p>The 1970s marked the era of \u015al\u0105sk&#8217;s greatest successes in team sports. The men&#8217;s handball team was unbeaten in the country for seven consecutive seasons, and in 1978 reached the final of the European Cup, where they lost to Magdeburg in an away game. The footballers became one of the country&#8217;s top teams, made their debut in European cups, won the Polish Cup, and finally, in 1977, only dropped out of the quarter-finals of the Cup Winners&#8217; Cup and finished 1st in the Polish top division \u2013 a feat they only managed to repeat in 2012. The basketball players never dropped below 5th place, and finally won 4 gold medals in just 5 seasons under coach \u0141opatka. The year 1977 was absolutely exceptional, when \u015al\u0105sk made an achievement that was quite remarkable on the national and international scale. The Polish championship was won by three club teams, and the basketball players won the national cup.<\/p>\n\n\n\n<p>Players of the club&#8217;s team sports were also successful with the national teams. The handball players formed the backbone of the national team that won an Olympic medal in 1976 and bronze at the 1982 World Championships. W\u0142adys\u0142aw \u017bmuda II played regularly in the Polish national team during the golden age of Polish football. The basketball players with the white eagle on their chests had their great moments in the 1960s. The 1963 European Championships in Wroc\u0142aw are particularly memorable, when \u0141opatka and Frelkiewicz led Poland to the vice-championship!<\/p>\n<\/div><\/div><\/div>\n\n\n\n<div class=\"eb-parent-wrapper eb-parent-eb-column-r8ve3ty  wp-block-essential-blocks-column\"><div class=\"eb-column-wrapper eb-column-r8ve3ty\"><div class=\"eb-column-inner\">\n<figure class=\"wp-block-image aligncenter size-large is-resized\"><img loading=\"lazy\" decoding=\"async\" src=\"https:\/\/muzeumslaskwroclaw.pl\/wp-content\/uploads\/2023\/06\/arrow-bottom-fill.svg\" alt=\"czas\" class=\"wp-image-384\" style=\"width:133px;height:98px\" width=\"133\" height=\"98\"\/><\/figure>\n<\/div><\/div><\/div>\n<\/div><\/div><\/div><\/div><\/div>\n\n\n\n<div class=\"wp-block-essential-blocks-row alignfull\"><div class=\"eb-parent-wrapper eb-parent-eb-row-k8qjnyx \"><div class=\"eb-row-root-container eb-row-k8qjnyx\" data-id=\"eb-row-k8qjnyx\"><div class=\"eb-row-wrapper\"><div class=\"eb-row-inner\">\n<div class=\"eb-parent-wrapper eb-parent-eb-column-fm4q27a  wp-block-essential-blocks-column\"><div class=\"eb-column-wrapper eb-column-fm4q27a\"><div class=\"eb-column-inner\">\n<p class=\"has-xx-large-font-size\"><strong>1980<\/strong><\/p>\n<\/div><\/div><\/div>\n\n\n\n<div class=\"eb-parent-wrapper eb-parent-eb-column-jgx73me  wp-block-essential-blocks-column\"><div class=\"eb-column-wrapper eb-column-jgx73me\"><div class=\"eb-column-inner\">\n<p>1980\u2019s were somewhat less successful. \u015al\u0105sk was a huge club at that time. Swimmers had an Olympic training centre in Wroc\u0142aw. Zdzis\u0142aw Hoffmann triumphed at the first Athletics World Championships. In 1988, wrestler Jozef Tracz won his first Olympic bronze in Seoul. The following year, judo fighter Rafa\u0142 Kubacki became European champion. This was only the harbinger of the next decade that brought success for many sport\u2019s sections.<\/p>\n<\/div><\/div><\/div>\n\n\n\n<div class=\"eb-parent-wrapper eb-parent-eb-column-8696w92  wp-block-essential-blocks-column\"><div class=\"eb-column-wrapper eb-column-8696w92\"><div class=\"eb-column-inner\">\n<figure class=\"wp-block-image aligncenter size-large\"><img loading=\"lazy\" decoding=\"async\" width=\"177\" height=\"131\" src=\"https:\/\/muzeumslaskwroclaw.pl\/wp-content\/uploads\/2023\/06\/arrow-bottom-outline.svg\" alt=\"czas\" class=\"wp-image-383\"\/><\/figure>\n<\/div><\/div><\/div>\n<\/div><\/div><\/div><\/div><\/div>\n\n\n\n<div class=\"wp-block-essential-blocks-row alignfull\"><div class=\"eb-parent-wrapper eb-parent-eb-row-p3beznu \"><div class=\"eb-row-root-container eb-row-p3beznu\" data-id=\"eb-row-p3beznu\"><div class=\"eb-row-wrapper\"><div class=\"eb-row-inner\">\n<div class=\"eb-parent-wrapper eb-parent-eb-column-2j9vtiv  wp-block-essential-blocks-column\"><div class=\"eb-column-wrapper eb-column-2j9vtiv\"><div class=\"eb-column-inner\">\n<p class=\"has-xx-large-font-size\"><strong>1990<\/strong><\/p>\n<\/div><\/div><\/div>\n\n\n\n<div class=\"eb-parent-wrapper eb-parent-eb-column-fwyssc0  wp-block-essential-blocks-column\"><div class=\"eb-column-wrapper eb-column-fwyssc0\"><div class=\"eb-column-inner\">\n<p>Tracz confirmed his place among the world&#8217;s best by winning two more Olympic medals. Kubacki was already the best not only in Europe but also in the world (1993). The shooters were shooting gold. Alicja Wilczy\u0144ska won the European Championship (1989), Krzysztof Kucharczyk became world champion twice (1991 and 1994). Renata Mauer-R\u00f3\u017canska beat Zap\u0119dzki&#8217;s result by winning not only 2 Olympic golds (1996 and 2000) but also a bronze medal, and a double European Championship on top of that. In addition to Mauer&#8217;s two medals, Miros\u0142aw Rzepkowski won silver at the Atlanta Olympics. It should be added that the basketball team won 10 championship titles between 1991 and 2002, also becoming the first Polish team to play in the Euroleague.<\/p>\n\n\n\n<p>In total, over the nearly 70 years of its existence, \u015al\u0105sk can boast 4 gold, 4 silver and 10 bronze medals at the Olympic Games, nearly 120 medals at the World Championships and around 210 at the European Championships, as well as numerous medals at the Military World Games, the Army World and European Championships, the Spartakiads, the Tournament of Friendly Armies and the Polish Army Championships. WKS has won the Polish team championship more than 150 times, the club&#8217;s players have reached the podium of the individual Polish Championships more than 3,000 times.<\/p>\n<\/div><\/div><\/div>\n\n\n\n<div class=\"eb-parent-wrapper eb-parent-eb-column-6fmo1hj  wp-block-essential-blocks-column\"><div class=\"eb-column-wrapper eb-column-6fmo1hj\"><div class=\"eb-column-inner\">\n<figure class=\"wp-block-image aligncenter size-large is-resized\"><img loading=\"lazy\" decoding=\"async\" src=\"https:\/\/muzeumslaskwroclaw.pl\/wp-content\/uploads\/2023\/06\/arrow-bottom-fill.svg\" alt=\"czas\" class=\"wp-image-384\" style=\"width:133px;height:98px\" width=\"133\" height=\"98\"\/><\/figure>\n<\/div><\/div><\/div>\n<\/div><\/div><\/div><\/div><\/div>\n<\/div>\n","protected":false},"excerpt":{"rendered":"","protected":false},"author":1,"featured_media":0,"parent":0,"menu_order":0,"comment_status":"closed","ping_status":"closed","template":"","meta":{"_eb_attr":"","inline_featured_image":false,"footnotes":""},"class_list":["post-534","page","type-page","status-publish","hentry"],"yoast_head":"<!-- This site is optimized with the Yoast SEO plugin v27.4 - https:\/\/yoast.com\/product\/yoast-seo-wordpress\/ -->\n<title>WKS History - Muzeum \u015al\u0105ska Wroc\u0142aw<\/title>\n<meta name=\"robots\" content=\"index, follow, max-snippet:-1, max-image-preview:large, max-video-preview:-1\" \/>\n<link rel=\"canonical\" href=\"https:\/\/muzeumslaskwroclaw.pl\/en\/wks-history\/\" \/>\n<meta property=\"og:locale\" content=\"en_US\" \/>\n<meta property=\"og:type\" content=\"article\" \/>\n<meta property=\"og:title\" content=\"WKS History - Muzeum \u015al\u0105ska Wroc\u0142aw\" \/>\n<meta property=\"og:url\" content=\"https:\/\/muzeumslaskwroclaw.pl\/en\/wks-history\/\" \/>\n<meta property=\"og:site_name\" content=\"Muzeum \u015al\u0105ska Wroc\u0142aw\" \/>\n<meta property=\"article:modified_time\" content=\"2023-08-24T10:37:24+00:00\" \/>\n<meta property=\"og:image\" content=\"https:\/\/muzeumslaskwroclaw.pl\/wp-content\/uploads\/2023\/06\/arrow-bottom-outline.svg\" \/>\n<meta name=\"twitter:card\" content=\"summary_large_image\" \/>\n<meta name=\"twitter:label1\" content=\"Est. reading time\" \/>\n\t<meta name=\"twitter:data1\" content=\"6 minutes\" \/>\n<script type=\"application\/ld+json\" class=\"yoast-schema-graph\">{\"@context\":\"https:\\\/\\\/schema.org\",\"@graph\":[{\"@type\":\"WebPage\",\"@id\":\"https:\\\/\\\/muzeumslaskwroclaw.pl\\\/en\\\/wks-history\\\/\",\"url\":\"https:\\\/\\\/muzeumslaskwroclaw.pl\\\/en\\\/wks-history\\\/\",\"name\":\"WKS History - Muzeum \u015al\u0105ska Wroc\u0142aw\",\"isPartOf\":{\"@id\":\"https:\\\/\\\/muzeumslaskwroclaw.pl\\\/en\\\/#website\"},\"primaryImageOfPage\":{\"@id\":\"https:\\\/\\\/muzeumslaskwroclaw.pl\\\/en\\\/wks-history\\\/#primaryimage\"},\"image\":{\"@id\":\"https:\\\/\\\/muzeumslaskwroclaw.pl\\\/en\\\/wks-history\\\/#primaryimage\"},\"thumbnailUrl\":\"https:\\\/\\\/muzeumslaskwroclaw.pl\\\/wp-content\\\/uploads\\\/2023\\\/06\\\/arrow-bottom-outline.svg\",\"datePublished\":\"2023-06-16T10:16:11+00:00\",\"dateModified\":\"2023-08-24T10:37:24+00:00\",\"breadcrumb\":{\"@id\":\"https:\\\/\\\/muzeumslaskwroclaw.pl\\\/en\\\/wks-history\\\/#breadcrumb\"},\"inLanguage\":\"en-US\",\"potentialAction\":[{\"@type\":\"ReadAction\",\"target\":[\"https:\\\/\\\/muzeumslaskwroclaw.pl\\\/en\\\/wks-history\\\/\"]}]},{\"@type\":\"ImageObject\",\"inLanguage\":\"en-US\",\"@id\":\"https:\\\/\\\/muzeumslaskwroclaw.pl\\\/en\\\/wks-history\\\/#primaryimage\",\"url\":\"https:\\\/\\\/muzeumslaskwroclaw.pl\\\/wp-content\\\/uploads\\\/2023\\\/06\\\/arrow-bottom-outline.svg\",\"contentUrl\":\"https:\\\/\\\/muzeumslaskwroclaw.pl\\\/wp-content\\\/uploads\\\/2023\\\/06\\\/arrow-bottom-outline.svg\"},{\"@type\":\"BreadcrumbList\",\"@id\":\"https:\\\/\\\/muzeumslaskwroclaw.pl\\\/en\\\/wks-history\\\/#breadcrumb\",\"itemListElement\":[{\"@type\":\"ListItem\",\"position\":1,\"name\":\"Home\",\"item\":\"https:\\\/\\\/muzeumslaskwroclaw.pl\\\/en\\\/\"},{\"@type\":\"ListItem\",\"position\":2,\"name\":\"WKS History\"}]},{\"@type\":\"WebSite\",\"@id\":\"https:\\\/\\\/muzeumslaskwroclaw.pl\\\/en\\\/#website\",\"url\":\"https:\\\/\\\/muzeumslaskwroclaw.pl\\\/en\\\/\",\"name\":\"Muzeum \u015al\u0105ska Wroc\u0142aw\",\"description\":\"Poznaj histori\u0119 Wojskowego Klubu Sportowego\",\"publisher\":{\"@id\":\"https:\\\/\\\/muzeumslaskwroclaw.pl\\\/en\\\/#organization\"},\"alternateName\":\"MSW\",\"potentialAction\":[{\"@type\":\"SearchAction\",\"target\":{\"@type\":\"EntryPoint\",\"urlTemplate\":\"https:\\\/\\\/muzeumslaskwroclaw.pl\\\/en\\\/?s={search_term_string}\"},\"query-input\":{\"@type\":\"PropertyValueSpecification\",\"valueRequired\":true,\"valueName\":\"search_term_string\"}}],\"inLanguage\":\"en-US\"},{\"@type\":\"Organization\",\"@id\":\"https:\\\/\\\/muzeumslaskwroclaw.pl\\\/en\\\/#organization\",\"name\":\"Muzeum \u015al\u0105ska Wroc\u0142aw\",\"alternateName\":\"MSW\",\"url\":\"https:\\\/\\\/muzeumslaskwroclaw.pl\\\/en\\\/\",\"logo\":{\"@type\":\"ImageObject\",\"inLanguage\":\"en-US\",\"@id\":\"https:\\\/\\\/muzeumslaskwroclaw.pl\\\/en\\\/#\\\/schema\\\/logo\\\/image\\\/\",\"url\":\"https:\\\/\\\/muzeumslaskwroclaw.pl\\\/wp-content\\\/uploads\\\/2023\\\/04\\\/favicon-msw.svg\",\"contentUrl\":\"https:\\\/\\\/muzeumslaskwroclaw.pl\\\/wp-content\\\/uploads\\\/2023\\\/04\\\/favicon-msw.svg\",\"width\":512,\"height\":512,\"caption\":\"Muzeum \u015al\u0105ska Wroc\u0142aw\"},\"image\":{\"@id\":\"https:\\\/\\\/muzeumslaskwroclaw.pl\\\/en\\\/#\\\/schema\\\/logo\\\/image\\\/\"}}]}<\/script>\n<!-- \/ Yoast SEO plugin. -->","yoast_head_json":{"title":"WKS History - Muzeum \u015al\u0105ska Wroc\u0142aw","robots":{"index":"index","follow":"follow","max-snippet":"max-snippet:-1","max-image-preview":"max-image-preview:large","max-video-preview":"max-video-preview:-1"},"canonical":"https:\/\/muzeumslaskwroclaw.pl\/en\/wks-history\/","og_locale":"en_US","og_type":"article","og_title":"WKS History - Muzeum \u015al\u0105ska Wroc\u0142aw","og_url":"https:\/\/muzeumslaskwroclaw.pl\/en\/wks-history\/","og_site_name":"Muzeum \u015al\u0105ska Wroc\u0142aw","article_modified_time":"2023-08-24T10:37:24+00:00","og_image":[{"url":"https:\/\/muzeumslaskwroclaw.pl\/wp-content\/uploads\/2023\/06\/arrow-bottom-outline.svg","type":"","width":"","height":""}],"twitter_card":"summary_large_image","twitter_misc":{"Est. reading time":"6 minutes"},"schema":{"@context":"https:\/\/schema.org","@graph":[{"@type":"WebPage","@id":"https:\/\/muzeumslaskwroclaw.pl\/en\/wks-history\/","url":"https:\/\/muzeumslaskwroclaw.pl\/en\/wks-history\/","name":"WKS History - Muzeum \u015al\u0105ska Wroc\u0142aw","isPartOf":{"@id":"https:\/\/muzeumslaskwroclaw.pl\/en\/#website"},"primaryImageOfPage":{"@id":"https:\/\/muzeumslaskwroclaw.pl\/en\/wks-history\/#primaryimage"},"image":{"@id":"https:\/\/muzeumslaskwroclaw.pl\/en\/wks-history\/#primaryimage"},"thumbnailUrl":"https:\/\/muzeumslaskwroclaw.pl\/wp-content\/uploads\/2023\/06\/arrow-bottom-outline.svg","datePublished":"2023-06-16T10:16:11+00:00","dateModified":"2023-08-24T10:37:24+00:00","breadcrumb":{"@id":"https:\/\/muzeumslaskwroclaw.pl\/en\/wks-history\/#breadcrumb"},"inLanguage":"en-US","potentialAction":[{"@type":"ReadAction","target":["https:\/\/muzeumslaskwroclaw.pl\/en\/wks-history\/"]}]},{"@type":"ImageObject","inLanguage":"en-US","@id":"https:\/\/muzeumslaskwroclaw.pl\/en\/wks-history\/#primaryimage","url":"https:\/\/muzeumslaskwroclaw.pl\/wp-content\/uploads\/2023\/06\/arrow-bottom-outline.svg","contentUrl":"https:\/\/muzeumslaskwroclaw.pl\/wp-content\/uploads\/2023\/06\/arrow-bottom-outline.svg"},{"@type":"BreadcrumbList","@id":"https:\/\/muzeumslaskwroclaw.pl\/en\/wks-history\/#breadcrumb","itemListElement":[{"@type":"ListItem","position":1,"name":"Home","item":"https:\/\/muzeumslaskwroclaw.pl\/en\/"},{"@type":"ListItem","position":2,"name":"WKS History"}]},{"@type":"WebSite","@id":"https:\/\/muzeumslaskwroclaw.pl\/en\/#website","url":"https:\/\/muzeumslaskwroclaw.pl\/en\/","name":"Muzeum \u015al\u0105ska Wroc\u0142aw","description":"Poznaj histori\u0119 Wojskowego Klubu Sportowego","publisher":{"@id":"https:\/\/muzeumslaskwroclaw.pl\/en\/#organization"},"alternateName":"MSW","potentialAction":[{"@type":"SearchAction","target":{"@type":"EntryPoint","urlTemplate":"https:\/\/muzeumslaskwroclaw.pl\/en\/?s={search_term_string}"},"query-input":{"@type":"PropertyValueSpecification","valueRequired":true,"valueName":"search_term_string"}}],"inLanguage":"en-US"},{"@type":"Organization","@id":"https:\/\/muzeumslaskwroclaw.pl\/en\/#organization","name":"Muzeum \u015al\u0105ska Wroc\u0142aw","alternateName":"MSW","url":"https:\/\/muzeumslaskwroclaw.pl\/en\/","logo":{"@type":"ImageObject","inLanguage":"en-US","@id":"https:\/\/muzeumslaskwroclaw.pl\/en\/#\/schema\/logo\/image\/","url":"https:\/\/muzeumslaskwroclaw.pl\/wp-content\/uploads\/2023\/04\/favicon-msw.svg","contentUrl":"https:\/\/muzeumslaskwroclaw.pl\/wp-content\/uploads\/2023\/04\/favicon-msw.svg","width":512,"height":512,"caption":"Muzeum \u015al\u0105ska Wroc\u0142aw"},"image":{"@id":"https:\/\/muzeumslaskwroclaw.pl\/en\/#\/schema\/logo\/image\/"}}]}},"_links":{"self":[{"href":"https:\/\/muzeumslaskwroclaw.pl\/en\/wp-json\/wp\/v2\/pages\/534","targetHints":{"allow":["GET"]}}],"collection":[{"href":"https:\/\/muzeumslaskwroclaw.pl\/en\/wp-json\/wp\/v2\/pages"}],"about":[{"href":"https:\/\/muzeumslaskwroclaw.pl\/en\/wp-json\/wp\/v2\/types\/page"}],"author":[{"embeddable":true,"href":"https:\/\/muzeumslaskwroclaw.pl\/en\/wp-json\/wp\/v2\/users\/1"}],"replies":[{"embeddable":true,"href":"https:\/\/muzeumslaskwroclaw.pl\/en\/wp-json\/wp\/v2\/comments?post=534"}],"version-history":[{"count":4,"href":"https:\/\/muzeumslaskwroclaw.pl\/en\/wp-json\/wp\/v2\/pages\/534\/revisions"}],"predecessor-version":[{"id":630,"href":"https:\/\/muzeumslaskwroclaw.pl\/en\/wp-json\/wp\/v2\/pages\/534\/revisions\/630"}],"wp:attachment":[{"href":"https:\/\/muzeumslaskwroclaw.pl\/en\/wp-json\/wp\/v2\/media?parent=534"}],"curies":[{"name":"wp","href":"https:\/\/api.w.org\/{rel}","templated":true}]}}