{"id":521,"date":"2023-03-31T08:43:40","date_gmt":"2023-03-31T06:43:40","guid":{"rendered":"https:\/\/muzeumslaskwroclaw.pl\/dojazd\/"},"modified":"2023-09-02T00:14:12","modified_gmt":"2023-09-01T22:14:12","slug":"location","status":"publish","type":"page","link":"https:\/\/muzeumslaskwroclaw.pl\/en\/location\/","title":{"rendered":"Direction"},"content":{"rendered":"\n<div id=\"start-content\" class=\"wp-block-group is-layout-flow wp-block-group-is-layout-flow\">\n<div class=\"wp-block-columns is-layout-flex wp-container-core-columns-is-layout-9d6595d7 wp-block-columns-is-layout-flex\">\n<div class=\"wp-block-column is-layout-flow wp-block-column-is-layout-flow\">\n<p>The Tarczynski Arena Wroc\u0142aw stadium is located in the south-western part of the city. You can reach the facility both by public transport and by car.<\/p>\n\n\n\n<p>The direct vicinity of the Wroc\u0142aw Motorway Bypass and the integrated interchange station connecting the tram stop \u201cWroc\u0142aw Stadion\u201d with the railway station makes it possible to reach the stadium from all directions and from the most important locations in the city.&nbsp;<\/p>\n\n\n\n<div class=\"wp-block-buttons is-layout-flex wp-block-buttons-is-layout-flex\">\n<div class=\"wp-block-button is-style-outline is-style-outline--1\"><a class=\"wp-block-button__link wp-element-button\" href=\"https:\/\/www.wroclaw.pl\/rozklady-jazdy\" target=\"_blank\" rel=\"noreferrer noopener\">View public transport timetable<\/a><\/div>\n<\/div>\n<\/div>\n\n\n\n<div class=\"wp-block-column is-layout-flow wp-block-column-is-layout-flow\">\n<figure class=\"wp-block-image size-large\"><img loading=\"lazy\" decoding=\"async\" width=\"1440\" height=\"1121\" src=\"https:\/\/muzeumslaskwroclaw.pl\/wp-content\/uploads\/2023\/06\/Muzeum-mapka-1440x1121.png\" alt=\"\" class=\"wp-image-312\"\/><\/figure>\n<\/div>\n<\/div>\n\n\n\n<div style=\"height:30px\" aria-hidden=\"true\" class=\"wp-block-spacer\"><\/div>\n\n\n\n<div class=\"wp-block-columns is-layout-flex wp-container-core-columns-is-layout-9d6595d7 wp-block-columns-is-layout-flex\">\n<div class=\"wp-block-column is-layout-flow wp-block-column-is-layout-flow\">\n<div class=\"wp-block-group block-bordered is-layout-flow wp-block-group-is-layout-flow\">\n<figure class=\"wp-block-image aligncenter size-large\"><img loading=\"lazy\" decoding=\"async\" width=\"87\" height=\"87\" src=\"https:\/\/muzeumslaskwroclaw.pl\/wp-content\/uploads\/2023\/04\/car.svg\" alt=\"car\" class=\"wp-image-259\"\/><\/figure>\n\n\n\n<h4 class=\"wp-block-heading has-text-align-center\"><strong>BY CAR<\/strong><\/h4>\n\n\n\n<p class=\"has-text-align-center\">Drivers from outside Wroc\u0142aw will get to Tarczy\u0144ski Arena Wroc\u0142aw most quickly by taking the \u201cWROC\u0141AW STADION\u201d exit from the access roads on the Wroc\u0142aw Motorway Bypass.<\/p>\n<\/div>\n<\/div>\n\n\n\n<div class=\"wp-block-column is-layout-flow wp-block-column-is-layout-flow\">\n<div class=\"wp-block-group block-bordered is-layout-flow wp-block-group-is-layout-flow\">\n<figure class=\"wp-block-image aligncenter size-large\"><img loading=\"lazy\" decoding=\"async\" width=\"87\" height=\"87\" src=\"https:\/\/muzeumslaskwroclaw.pl\/wp-content\/uploads\/2023\/04\/train.svg\" alt=\"train\" class=\"wp-image-260\"\/><\/figure>\n\n\n\n<h4 class=\"wp-block-heading has-text-align-center\"><strong>BY CITY PUBLIC TRANSPORT<\/strong><\/h4>\n\n\n\n<p class=\"has-text-align-center\">Trams: <br><strong>3, 10, 20, 31, 18<\/strong><\/p>\n\n\n\n<p class=\"has-text-align-center\">Buses: <br><strong>101, 102, 103, 104, 123,127, 243, 245, 253<\/strong><\/p>\n<\/div>\n<\/div>\n\n\n\n<div class=\"wp-block-column is-layout-flow wp-block-column-is-layout-flow\">\n<div class=\"wp-block-group block-bordered is-layout-flow wp-block-group-is-layout-flow\">\n<figure class=\"wp-block-image aligncenter size-large\"><img loading=\"lazy\" decoding=\"async\" width=\"87\" height=\"87\" src=\"https:\/\/muzeumslaskwroclaw.pl\/wp-content\/uploads\/2023\/04\/map.svg\" alt=\"map\" class=\"wp-image-262\"\/><\/figure>\n\n\n\n<h4 class=\"wp-block-heading has-text-align-center\"><strong>FROM THE CITY\u2019S KEY LOCATIONS<\/strong><\/h4>\n\n\n\n<p class=\"has-text-align-center\">City centre: 10 min.<\/p>\n\n\n\n<p class=\"has-text-align-center\">Railway\/bus station: 15 min.<\/p>\n\n\n\n<p class=\"has-text-align-center\">Wroc\u0142aw Airport: 10 min.<\/p>\n<\/div>\n<\/div>\n<\/div>\n<\/div>\n","protected":false},"excerpt":{"rendered":"<p>The Tarczynski Arena Wroc\u0142aw stadium is located in the south-western part of the city. You can reach the facility both by public transport and by car. The direct vicinity of the Wroc\u0142aw Motorway Bypass and the integrated interchange station connecting the tram stop \u201cWroc\u0142aw Stadion\u201d with the railway station makes it possible to reach the&#8230;<\/p>\n","protected":false},"author":1,"featured_media":0,"parent":0,"menu_order":0,"comment_status":"closed","ping_status":"closed","template":"","meta":{"_eb_attr":"","inline_featured_image":false,"footnotes":""},"class_list":["post-521","page","type-page","status-publish","hentry"],"yoast_head":"<!-- This site is optimized with the Yoast SEO plugin v27.4 - https:\/\/yoast.com\/product\/yoast-seo-wordpress\/ -->\n<title>Direction - Muzeum \u015al\u0105ska Wroc\u0142aw<\/title>\n<meta name=\"robots\" content=\"index, follow, max-snippet:-1, max-image-preview:large, max-video-preview:-1\" \/>\n<link rel=\"canonical\" href=\"https:\/\/muzeumslaskwroclaw.pl\/en\/location\/\" \/>\n<meta property=\"og:locale\" content=\"en_US\" \/>\n<meta property=\"og:type\" content=\"article\" \/>\n<meta property=\"og:title\" content=\"Direction - Muzeum \u015al\u0105ska Wroc\u0142aw\" \/>\n<meta property=\"og:description\" content=\"The Tarczynski Arena Wroc\u0142aw stadium is located in the south-western part of the city. You can reach the facility both by public transport and by car. The direct vicinity of the Wroc\u0142aw Motorway Bypass and the integrated interchange station connecting the tram stop \u201cWroc\u0142aw Stadion\u201d with the railway station makes it possible to reach the...\" \/>\n<meta property=\"og:url\" content=\"https:\/\/muzeumslaskwroclaw.pl\/en\/location\/\" \/>\n<meta property=\"og:site_name\" content=\"Muzeum \u015al\u0105ska Wroc\u0142aw\" \/>\n<meta property=\"article:modified_time\" content=\"2023-09-01T22:14:12+00:00\" \/>\n<meta property=\"og:image\" content=\"https:\/\/muzeumslaskwroclaw.pl\/wp-content\/uploads\/2023\/06\/Muzeum-mapka-1440x1121.png\" \/>\n<meta name=\"twitter:card\" content=\"summary_large_image\" \/>\n<meta name=\"twitter:label1\" content=\"Est. reading time\" \/>\n\t<meta name=\"twitter:data1\" content=\"2 minutes\" \/>\n<script type=\"application\/ld+json\" class=\"yoast-schema-graph\">{\"@context\":\"https:\\\/\\\/schema.org\",\"@graph\":[{\"@type\":\"WebPage\",\"@id\":\"https:\\\/\\\/muzeumslaskwroclaw.pl\\\/en\\\/location\\\/\",\"url\":\"https:\\\/\\\/muzeumslaskwroclaw.pl\\\/en\\\/location\\\/\",\"name\":\"Direction - Muzeum \u015al\u0105ska Wroc\u0142aw\",\"isPartOf\":{\"@id\":\"https:\\\/\\\/muzeumslaskwroclaw.pl\\\/en\\\/#website\"},\"primaryImageOfPage\":{\"@id\":\"https:\\\/\\\/muzeumslaskwroclaw.pl\\\/en\\\/location\\\/#primaryimage\"},\"image\":{\"@id\":\"https:\\\/\\\/muzeumslaskwroclaw.pl\\\/en\\\/location\\\/#primaryimage\"},\"thumbnailUrl\":\"https:\\\/\\\/muzeumslaskwroclaw.pl\\\/wp-content\\\/uploads\\\/2023\\\/06\\\/Muzeum-mapka-1440x1121.png\",\"datePublished\":\"2023-03-31T06:43:40+00:00\",\"dateModified\":\"2023-09-01T22:14:12+00:00\",\"breadcrumb\":{\"@id\":\"https:\\\/\\\/muzeumslaskwroclaw.pl\\\/en\\\/location\\\/#breadcrumb\"},\"inLanguage\":\"en-US\",\"potentialAction\":[{\"@type\":\"ReadAction\",\"target\":[\"https:\\\/\\\/muzeumslaskwroclaw.pl\\\/en\\\/location\\\/\"]}]},{\"@type\":\"ImageObject\",\"inLanguage\":\"en-US\",\"@id\":\"https:\\\/\\\/muzeumslaskwroclaw.pl\\\/en\\\/location\\\/#primaryimage\",\"url\":\"https:\\\/\\\/muzeumslaskwroclaw.pl\\\/wp-content\\\/uploads\\\/2023\\\/06\\\/Muzeum-mapka-1440x1121.png\",\"contentUrl\":\"https:\\\/\\\/muzeumslaskwroclaw.pl\\\/wp-content\\\/uploads\\\/2023\\\/06\\\/Muzeum-mapka-1440x1121.png\"},{\"@type\":\"BreadcrumbList\",\"@id\":\"https:\\\/\\\/muzeumslaskwroclaw.pl\\\/en\\\/location\\\/#breadcrumb\",\"itemListElement\":[{\"@type\":\"ListItem\",\"position\":1,\"name\":\"Home\",\"item\":\"https:\\\/\\\/muzeumslaskwroclaw.pl\\\/en\\\/\"},{\"@type\":\"ListItem\",\"position\":2,\"name\":\"Direction\"}]},{\"@type\":\"WebSite\",\"@id\":\"https:\\\/\\\/muzeumslaskwroclaw.pl\\\/en\\\/#website\",\"url\":\"https:\\\/\\\/muzeumslaskwroclaw.pl\\\/en\\\/\",\"name\":\"Muzeum \u015al\u0105ska Wroc\u0142aw\",\"description\":\"Poznaj histori\u0119 Wojskowego Klubu Sportowego\",\"publisher\":{\"@id\":\"https:\\\/\\\/muzeumslaskwroclaw.pl\\\/en\\\/#organization\"},\"alternateName\":\"MSW\",\"potentialAction\":[{\"@type\":\"SearchAction\",\"target\":{\"@type\":\"EntryPoint\",\"urlTemplate\":\"https:\\\/\\\/muzeumslaskwroclaw.pl\\\/en\\\/?s={search_term_string}\"},\"query-input\":{\"@type\":\"PropertyValueSpecification\",\"valueRequired\":true,\"valueName\":\"search_term_string\"}}],\"inLanguage\":\"en-US\"},{\"@type\":\"Organization\",\"@id\":\"https:\\\/\\\/muzeumslaskwroclaw.pl\\\/en\\\/#organization\",\"name\":\"Muzeum \u015al\u0105ska Wroc\u0142aw\",\"alternateName\":\"MSW\",\"url\":\"https:\\\/\\\/muzeumslaskwroclaw.pl\\\/en\\\/\",\"logo\":{\"@type\":\"ImageObject\",\"inLanguage\":\"en-US\",\"@id\":\"https:\\\/\\\/muzeumslaskwroclaw.pl\\\/en\\\/#\\\/schema\\\/logo\\\/image\\\/\",\"url\":\"https:\\\/\\\/muzeumslaskwroclaw.pl\\\/wp-content\\\/uploads\\\/2023\\\/04\\\/favicon-msw.svg\",\"contentUrl\":\"https:\\\/\\\/muzeumslaskwroclaw.pl\\\/wp-content\\\/uploads\\\/2023\\\/04\\\/favicon-msw.svg\",\"width\":512,\"height\":512,\"caption\":\"Muzeum \u015al\u0105ska Wroc\u0142aw\"},\"image\":{\"@id\":\"https:\\\/\\\/muzeumslaskwroclaw.pl\\\/en\\\/#\\\/schema\\\/logo\\\/image\\\/\"}}]}<\/script>\n<!-- \/ Yoast SEO plugin. -->","yoast_head_json":{"title":"Direction - Muzeum \u015al\u0105ska Wroc\u0142aw","robots":{"index":"index","follow":"follow","max-snippet":"max-snippet:-1","max-image-preview":"max-image-preview:large","max-video-preview":"max-video-preview:-1"},"canonical":"https:\/\/muzeumslaskwroclaw.pl\/en\/location\/","og_locale":"en_US","og_type":"article","og_title":"Direction - Muzeum \u015al\u0105ska Wroc\u0142aw","og_description":"The Tarczynski Arena Wroc\u0142aw stadium is located in the south-western part of the city. You can reach the facility both by public transport and by car. The direct vicinity of the Wroc\u0142aw Motorway Bypass and the integrated interchange station connecting the tram stop \u201cWroc\u0142aw Stadion\u201d with the railway station makes it possible to reach the...","og_url":"https:\/\/muzeumslaskwroclaw.pl\/en\/location\/","og_site_name":"Muzeum \u015al\u0105ska Wroc\u0142aw","article_modified_time":"2023-09-01T22:14:12+00:00","og_image":[{"url":"https:\/\/muzeumslaskwroclaw.pl\/wp-content\/uploads\/2023\/06\/Muzeum-mapka-1440x1121.png","type":"","width":"","height":""}],"twitter_card":"summary_large_image","twitter_misc":{"Est. reading time":"2 minutes"},"schema":{"@context":"https:\/\/schema.org","@graph":[{"@type":"WebPage","@id":"https:\/\/muzeumslaskwroclaw.pl\/en\/location\/","url":"https:\/\/muzeumslaskwroclaw.pl\/en\/location\/","name":"Direction - Muzeum \u015al\u0105ska Wroc\u0142aw","isPartOf":{"@id":"https:\/\/muzeumslaskwroclaw.pl\/en\/#website"},"primaryImageOfPage":{"@id":"https:\/\/muzeumslaskwroclaw.pl\/en\/location\/#primaryimage"},"image":{"@id":"https:\/\/muzeumslaskwroclaw.pl\/en\/location\/#primaryimage"},"thumbnailUrl":"https:\/\/muzeumslaskwroclaw.pl\/wp-content\/uploads\/2023\/06\/Muzeum-mapka-1440x1121.png","datePublished":"2023-03-31T06:43:40+00:00","dateModified":"2023-09-01T22:14:12+00:00","breadcrumb":{"@id":"https:\/\/muzeumslaskwroclaw.pl\/en\/location\/#breadcrumb"},"inLanguage":"en-US","potentialAction":[{"@type":"ReadAction","target":["https:\/\/muzeumslaskwroclaw.pl\/en\/location\/"]}]},{"@type":"ImageObject","inLanguage":"en-US","@id":"https:\/\/muzeumslaskwroclaw.pl\/en\/location\/#primaryimage","url":"https:\/\/muzeumslaskwroclaw.pl\/wp-content\/uploads\/2023\/06\/Muzeum-mapka-1440x1121.png","contentUrl":"https:\/\/muzeumslaskwroclaw.pl\/wp-content\/uploads\/2023\/06\/Muzeum-mapka-1440x1121.png"},{"@type":"BreadcrumbList","@id":"https:\/\/muzeumslaskwroclaw.pl\/en\/location\/#breadcrumb","itemListElement":[{"@type":"ListItem","position":1,"name":"Home","item":"https:\/\/muzeumslaskwroclaw.pl\/en\/"},{"@type":"ListItem","position":2,"name":"Direction"}]},{"@type":"WebSite","@id":"https:\/\/muzeumslaskwroclaw.pl\/en\/#website","url":"https:\/\/muzeumslaskwroclaw.pl\/en\/","name":"Muzeum \u015al\u0105ska Wroc\u0142aw","description":"Poznaj histori\u0119 Wojskowego Klubu Sportowego","publisher":{"@id":"https:\/\/muzeumslaskwroclaw.pl\/en\/#organization"},"alternateName":"MSW","potentialAction":[{"@type":"SearchAction","target":{"@type":"EntryPoint","urlTemplate":"https:\/\/muzeumslaskwroclaw.pl\/en\/?s={search_term_string}"},"query-input":{"@type":"PropertyValueSpecification","valueRequired":true,"valueName":"search_term_string"}}],"inLanguage":"en-US"},{"@type":"Organization","@id":"https:\/\/muzeumslaskwroclaw.pl\/en\/#organization","name":"Muzeum \u015al\u0105ska Wroc\u0142aw","alternateName":"MSW","url":"https:\/\/muzeumslaskwroclaw.pl\/en\/","logo":{"@type":"ImageObject","inLanguage":"en-US","@id":"https:\/\/muzeumslaskwroclaw.pl\/en\/#\/schema\/logo\/image\/","url":"https:\/\/muzeumslaskwroclaw.pl\/wp-content\/uploads\/2023\/04\/favicon-msw.svg","contentUrl":"https:\/\/muzeumslaskwroclaw.pl\/wp-content\/uploads\/2023\/04\/favicon-msw.svg","width":512,"height":512,"caption":"Muzeum \u015al\u0105ska Wroc\u0142aw"},"image":{"@id":"https:\/\/muzeumslaskwroclaw.pl\/en\/#\/schema\/logo\/image\/"}}]}},"_links":{"self":[{"href":"https:\/\/muzeumslaskwroclaw.pl\/en\/wp-json\/wp\/v2\/pages\/521","targetHints":{"allow":["GET"]}}],"collection":[{"href":"https:\/\/muzeumslaskwroclaw.pl\/en\/wp-json\/wp\/v2\/pages"}],"about":[{"href":"https:\/\/muzeumslaskwroclaw.pl\/en\/wp-json\/wp\/v2\/types\/page"}],"author":[{"embeddable":true,"href":"https:\/\/muzeumslaskwroclaw.pl\/en\/wp-json\/wp\/v2\/users\/1"}],"replies":[{"embeddable":true,"href":"https:\/\/muzeumslaskwroclaw.pl\/en\/wp-json\/wp\/v2\/comments?post=521"}],"version-history":[{"count":6,"href":"https:\/\/muzeumslaskwroclaw.pl\/en\/wp-json\/wp\/v2\/pages\/521\/revisions"}],"predecessor-version":[{"id":651,"href":"https:\/\/muzeumslaskwroclaw.pl\/en\/wp-json\/wp\/v2\/pages\/521\/revisions\/651"}],"wp:attachment":[{"href":"https:\/\/muzeumslaskwroclaw.pl\/en\/wp-json\/wp\/v2\/media?parent=521"}],"curies":[{"name":"wp","href":"https:\/\/api.w.org\/{rel}","templated":true}]}}